{"id":64654,"date":"2026-05-04T20:45:27","date_gmt":"2026-05-04T17:45:27","guid":{"rendered":"https:\/\/plmf.ee\/19-04-26-noorte-talentide-kava\/"},"modified":"2026-05-04T20:57:18","modified_gmt":"2026-05-04T17:57:18","slug":"19-04-26-young-talents-programme","status":"publish","type":"page","link":"https:\/\/www.plmf.ee\/en\/19-04-26-young-talents-programme\/","title":{"rendered":"19.04.26 Young Talents Programme"},"content":{"rendered":"<div class=\"row \"><div class=\"wpv-grid grid-1-1  wpv-first-level first unextended\" style=\"padding-top:0px;padding-bottom:0px\" id=\"wpv-column-f08c610c34cec4812b9b2683450c458b\" ><p style=\"text-align: center;\"><strong><span style=\"font-size: 14pt;\">PROGRAMME<\/span><\/strong><\/p>\n<p style=\"text-align: center;\"><span style=\"font-size: 14pt;\">Ludwig van Beethoven (1770\u20131827)<\/span><br \/>\n<span style=\"font-size: 14pt;\">Sonata No. 4, Op. 7<\/span><br \/>\n<span style=\"font-size: 14pt;\">I. Allegro molto e con brio<\/span><\/p>\n<p style=\"text-align: center;\"><span style=\"font-size: 14pt;\">Franz Schubert (1797\u20131828)<\/span><br \/>\n<span style=\"font-size: 14pt;\">Impromptu Op. 90 No. 3 in G-flat major, D. 899<\/span><\/p>\n<p style=\"text-align: center;\"><span style=\"font-size: 14pt;\">Fr\u00e9d\u00e9ric Chopin (1810\u20131849)<\/span><br \/>\n<span style=\"font-size: 14pt;\">Waltz Op. 34 No. 1 in A-flat major<\/span><\/p>\n<p style=\"text-align: center;\"><span style=\"font-size: 14pt;\">Olivier Messiaen (1908\u20131992)<\/span><br \/>\n<span style=\"font-size: 14pt;\">La Colombe (\u201cThe Dove\u201d) \u2013 from Pr\u00e9ludes<\/span><\/p>\n<p style=\"text-align: center;\"><span style=\"font-size: 14pt;\">Arvo P\u00e4rt (b. 1935)<\/span><br \/>\n<span style=\"font-size: 14pt;\">Partita, Op. 2 \u2013 Toccatina, Fughetta, Larghetto, Ostinato<\/span><\/p>\n<p style=\"text-align: center;\"><span style=\"font-size: 14pt;\">Ernst von Dohn\u00e1nyi (1877\u20131960)<\/span><br \/>\n<span style=\"font-size: 14pt;\">Serenade, Op. 10<\/span><br \/>\n<span style=\"font-size: 14pt;\">I. Marcia: Allegro<\/span><br \/>\n<span style=\"font-size: 14pt;\">II. Romanza: Adagio non troppo (quasi andante)<\/span><br \/>\n<span style=\"font-size: 14pt;\">III. Scherzo: Vivace<\/span><br \/>\n<span style=\"font-size: 14pt;\">IV. Tema con variazioni: Andante con moto<\/span><br \/>\n<span style=\"font-size: 14pt;\">V. Rondo (Finale): Allegro vivace<\/span><\/p>\n<p style=\"text-align: justify;\"><span style=\"font-size: 14pt;\"><strong>ALEKSANDRA GALUSHKINA<\/strong> (born May 2012) began playing the piano at the age of five. She is currently a 7th-grade student at the Tallinn School of Music and Ballet (MUBA) in the piano class of Jekaterina Rostovtseva. At just eight years old, she performed with the Tallinn Chamber Orchestra, playing Haydn\u2019s Piano Concerto in C major. <\/span><span style=\"font-size: 14pt;\">Galushkina has won prizes at international piano competitions in more than 20 countries, including Austria, Estonia, France, Germany, Israel, Italy, Switzerland, Ukraine, the United Kingdom, and the United States. Her recent achievements include: Carles &amp; Sofia International Piano Competition 2025 \u2013 First Prize and a special prize for the best performance of Haydn; Tapiola International Piano Competition 2025 \u2013 laureate with two special prizes; National Pianists\u2019 Competition \u201cEesti K\u00f5la 2024\u201d \u2013 First Prize with two special prizes; Tak\u00e1cs Piano Competition 2024 \u2013 Third Prize; MozArte International Piano Competition 2024 \u2013 Third Prize. <\/span><span style=\"font-size: 14pt;\">She has received recognition from the Estonian Ministry of Education and Research four times (2022\u20132025) for outstanding international achievements. In 2023, she was awarded the MUBA Talent Prize presented by the Music Trust PLMF and the Kelam family. Galushkina has participated in the Chetham\u2019s International Piano Summer School (UK) and taken part in masterclasses with renowned professors.<\/span><\/p>\n<p style=\"text-align: justify;\"><span style=\"font-size: 14pt;\"><strong>KARINA ROSTOVTSEVA<\/strong> (born 11 August 2003) began her musical studies at the Tallinn Music High School in the violin class of Niina Murdvee and later continued under Pille Tralla. From 2022 to 2024 she studied at the Estonian Academy of Music and Theatre (EAMT) with Professor Mari Tampere-Bezrodny. She further developed her studies through the Erasmus+ programme in Poland at the Karol Szymanowski Academy of Music in Katowice with Professor Beata Warykiewicz-Siwy, where she continued her bachelor\u2019s studies in parallel both in Katowice and at EAMT under Mari Poll-Novakovic. <\/span><span style=\"font-size: 14pt;\">Karina regularly participates in masterclasses with Professor Erik Schumann (Frankfurt University of Music and Performing Arts) and Professor Anna Gutowska (University of Music and Performing Arts Vienna). She has received numerous awards at international competitions, including First Prize at the Zagreb International Violin Competition (Croatia, 2022), multiple first prizes at the L\u00e1szl\u00f3 Spezzaferri (Italy) and Danubia Talents (Hungary) competitions, as well as special prizes in chamber music categories. <\/span><span style=\"font-size: 14pt;\">In 2017 she performed with the Tallinn Chamber Orchestra, and in 2021 she was selected to perform Mozart\u2019s Violin Concerto No. 5 with the Brescia Festival Orchestra. In 2023 and 2025 she received the Rain L\u00f5hmus scholarship, and in 2024 the Estonian scholarship for the advancement of higher music education. In September 2025, she performed Mendelssohn\u2019s Violin Concerto in D minor with the Ars Musicae chamber orchestra under conductor Sara Corriga in the concert series \u201cLunch Break with Music.\u201d In 2026, she was selected for the Estonian Concert mentorship programme LIFT.<\/span><\/p>\n<p style=\"text-align: justify;\"><span style=\"font-size: 14pt;\"><strong>ALI AMISHOV<\/strong> is a violist of Azerbaijani origin based in Tallinn. He is currently completing his master\u2019s studies in viola at the Estonian Academy of Music and Theatre under Professor Johanna Vaherm\u00e4gi. He has performed as a soloist with various ensembles as well as with the Estonian National Symphony Orchestra and the EAMT Student Orchestra, and regularly appears as both a chamber and orchestral musician. <\/span><span style=\"font-size: 14pt;\">Ali is currently the principal violist of the Musica Vivere string orchestra and has previously held principal positions in leading orchestras in Azerbaijan. In 2025, he was awarded Second Prize at the Estonian String Players Competition.<\/span><\/p>\n<p style=\"text-align: justify;\"><span style=\"font-size: 14pt;\"><strong>EKKE RAINER ARNDT<\/strong> (born 15 September 2004) began studying the cello at the age of six. He is currently studying at the Estonian Academy of Music and Theatre under Professor Henry-David Varema. In 2023, he graduated from the Tallinn School of Music and Ballet (MUBA) as part of its first class, achieving top marks in his specialty under teacher Mart Laas. Since the 2024\/25 season, Arndt has been a member of the orchestra of the Estonian National Opera. <\/span><span style=\"font-size: 14pt;\">At national competitions, Arndt has won First Prize three times and Second Prize once in his age group at the \u201cBest Young Instrumentalist\u201d competition. At the Estonian Young String Players Competition-Festival, he has received the laureate title three times (2023, 2021, 2018). <\/span><span style=\"font-size: 14pt;\">In international competitions, he won Second Prize and a special prize for the best performance of a Latvian composition at the 9th Augusts Dombrovskis Competition in Riga (2017), and Second Prize along with a prize for the best performance of a virtuoso piece at the \u201cYoung Musician\u201d competition in Tartu the same year. <\/span><span style=\"font-size: 14pt;\">His orchestral experience includes performances with the Estonian National Symphony Orchestra, P\u00e4rnu City Orchestra, Kristjan J\u00e4rvi Ensemble, Nordic Symphony Orchestra, J\u00e4rvi Academy Youth Symphony Orchestra, Royal Concertgebouw Orchestra Young (Amsterdam 2019, conductor Pablo Heras-Casado), ESYO (Italy, 2018 and 2019), the Tallinn School of Music and Ballet Symphony Orchestra, and the Tallinn Chamber Orchestra. <\/span><span style=\"font-size: 14pt;\">A particularly notable experience was performing in Scotland at the Bridge Festival (2022) with an eight-member ensemble of the Music Trust PLMF and participating in the festival orchestra. He has also taken part in numerous masterclasses.<\/span><\/div><\/div>\n","protected":false},"excerpt":{"rendered":"<p>PROGRAMME Ludwig van Beethoven (1770\u20131827) Sonata No. 4, Op. 7 I. Allegro molto e con brio Franz Schubert (1797\u20131828) Impromptu Op. 90 No. 3 in G-flat major, D. 899 Fr\u00e9d\u00e9ric&#8230;<\/p>\n","protected":false},"author":9,"featured_media":0,"parent":0,"menu_order":0,"comment_status":"closed","ping_status":"closed","template":"","meta":{"footnotes":""},"class_list":["post-64654","page","type-page","status-publish","hentry"],"yoast_head":"<!-- This site is optimized with the Yoast SEO plugin v27.1.1 - https:\/\/yoast.com\/product\/yoast-seo-wordpress\/ -->\n<title>19.04.26 Young Talents Programme - Pille Lill Music Fund<\/title>\n<meta name=\"robots\" content=\"index, follow, max-snippet:-1, max-image-preview:large, max-video-preview:-1\" \/>\n<link rel=\"canonical\" href=\"https:\/\/www.plmf.ee\/19-04-26-noorte-talentide-kava\/\" \/>\n<meta property=\"og:locale\" content=\"en_US\" \/>\n<meta property=\"og:type\" content=\"article\" \/>\n<meta property=\"og:title\" content=\"19.04.26 Young Talents Programme - Pille Lill Music Fund\" \/>\n<meta property=\"og:description\" content=\"PROGRAMME Ludwig van Beethoven (1770\u20131827) Sonata No. 4, Op. 7 I. Allegro molto e con brio Franz Schubert (1797\u20131828) Impromptu Op. 90 No. 3 in G-flat major, D. 899 Fr\u00e9d\u00e9ric...\" \/>\n<meta property=\"og:url\" content=\"https:\/\/www.plmf.ee\/19-04-26-noorte-talentide-kava\/\" \/>\n<meta property=\"og:site_name\" content=\"Pille Lill Music Fund\" \/>\n<meta property=\"article:modified_time\" content=\"2026-05-04T17:57:18+00:00\" \/>\n<meta name=\"twitter:card\" content=\"summary_large_image\" \/>\n<meta name=\"twitter:label1\" content=\"Est. reading time\" \/>\n\t<meta name=\"twitter:data1\" content=\"5 minutes\" \/>\n<script type=\"application\/ld+json\" class=\"yoast-schema-graph\">{\"@context\":\"https:\/\/schema.org\",\"@graph\":[{\"@type\":\"WebPage\",\"@id\":\"https:\/\/www.plmf.ee\/19-04-26-noorte-talentide-kava\/\",\"url\":\"https:\/\/www.plmf.ee\/19-04-26-noorte-talentide-kava\/\",\"name\":\"19.04.26 Young Talents Programme - Pille Lill Music Fund\",\"isPartOf\":{\"@id\":\"https:\/\/plmf.ee\/en\/#website\"},\"datePublished\":\"2026-05-04T17:45:27+00:00\",\"dateModified\":\"2026-05-04T17:57:18+00:00\",\"breadcrumb\":{\"@id\":\"https:\/\/www.plmf.ee\/19-04-26-noorte-talentide-kava\/#breadcrumb\"},\"inLanguage\":\"en-US\",\"potentialAction\":[{\"@type\":\"ReadAction\",\"target\":[\"https:\/\/www.plmf.ee\/19-04-26-noorte-talentide-kava\/\"]}]},{\"@type\":\"BreadcrumbList\",\"@id\":\"https:\/\/www.plmf.ee\/19-04-26-noorte-talentide-kava\/#breadcrumb\",\"itemListElement\":[{\"@type\":\"ListItem\",\"position\":1,\"name\":\"Home\",\"item\":\"https:\/\/plmf.ee\/en\/\"},{\"@type\":\"ListItem\",\"position\":2,\"name\":\"19.04.26 Young Talents Programme\"}]},{\"@type\":\"WebSite\",\"@id\":\"https:\/\/plmf.ee\/en\/#website\",\"url\":\"https:\/\/plmf.ee\/en\/\",\"name\":\"Pille Lill Music Fund\",\"description\":\"Planet Of Talent\",\"potentialAction\":[{\"@type\":\"SearchAction\",\"target\":{\"@type\":\"EntryPoint\",\"urlTemplate\":\"https:\/\/plmf.ee\/en\/?s={search_term_string}\"},\"query-input\":{\"@type\":\"PropertyValueSpecification\",\"valueRequired\":true,\"valueName\":\"search_term_string\"}}],\"inLanguage\":\"en-US\"}]}<\/script>\n<!-- \/ Yoast SEO plugin. -->","yoast_head_json":{"title":"19.04.26 Young Talents Programme - Pille Lill Music Fund","robots":{"index":"index","follow":"follow","max-snippet":"max-snippet:-1","max-image-preview":"max-image-preview:large","max-video-preview":"max-video-preview:-1"},"canonical":"https:\/\/www.plmf.ee\/19-04-26-noorte-talentide-kava\/","og_locale":"en_US","og_type":"article","og_title":"19.04.26 Young Talents Programme - Pille Lill Music Fund","og_description":"PROGRAMME Ludwig van Beethoven (1770\u20131827) Sonata No. 4, Op. 7 I. Allegro molto e con brio Franz Schubert (1797\u20131828) Impromptu Op. 90 No. 3 in G-flat major, D. 899 Fr\u00e9d\u00e9ric...","og_url":"https:\/\/www.plmf.ee\/19-04-26-noorte-talentide-kava\/","og_site_name":"Pille Lill Music Fund","article_modified_time":"2026-05-04T17:57:18+00:00","twitter_card":"summary_large_image","twitter_misc":{"Est. reading time":"5 minutes"},"schema":{"@context":"https:\/\/schema.org","@graph":[{"@type":"WebPage","@id":"https:\/\/www.plmf.ee\/19-04-26-noorte-talentide-kava\/","url":"https:\/\/www.plmf.ee\/19-04-26-noorte-talentide-kava\/","name":"19.04.26 Young Talents Programme - Pille Lill Music Fund","isPartOf":{"@id":"https:\/\/plmf.ee\/en\/#website"},"datePublished":"2026-05-04T17:45:27+00:00","dateModified":"2026-05-04T17:57:18+00:00","breadcrumb":{"@id":"https:\/\/www.plmf.ee\/19-04-26-noorte-talentide-kava\/#breadcrumb"},"inLanguage":"en-US","potentialAction":[{"@type":"ReadAction","target":["https:\/\/www.plmf.ee\/19-04-26-noorte-talentide-kava\/"]}]},{"@type":"BreadcrumbList","@id":"https:\/\/www.plmf.ee\/19-04-26-noorte-talentide-kava\/#breadcrumb","itemListElement":[{"@type":"ListItem","position":1,"name":"Home","item":"https:\/\/plmf.ee\/en\/"},{"@type":"ListItem","position":2,"name":"19.04.26 Young Talents Programme"}]},{"@type":"WebSite","@id":"https:\/\/plmf.ee\/en\/#website","url":"https:\/\/plmf.ee\/en\/","name":"Pille Lill Music Fund","description":"Planet Of Talent","potentialAction":[{"@type":"SearchAction","target":{"@type":"EntryPoint","urlTemplate":"https:\/\/plmf.ee\/en\/?s={search_term_string}"},"query-input":{"@type":"PropertyValueSpecification","valueRequired":true,"valueName":"search_term_string"}}],"inLanguage":"en-US"}]}},"_links":{"self":[{"href":"https:\/\/www.plmf.ee\/en\/wp-json\/wp\/v2\/pages\/64654","targetHints":{"allow":["GET"]}}],"collection":[{"href":"https:\/\/www.plmf.ee\/en\/wp-json\/wp\/v2\/pages"}],"about":[{"href":"https:\/\/www.plmf.ee\/en\/wp-json\/wp\/v2\/types\/page"}],"author":[{"embeddable":true,"href":"https:\/\/www.plmf.ee\/en\/wp-json\/wp\/v2\/users\/9"}],"replies":[{"embeddable":true,"href":"https:\/\/www.plmf.ee\/en\/wp-json\/wp\/v2\/comments?post=64654"}],"version-history":[{"count":2,"href":"https:\/\/www.plmf.ee\/en\/wp-json\/wp\/v2\/pages\/64654\/revisions"}],"predecessor-version":[{"id":64656,"href":"https:\/\/www.plmf.ee\/en\/wp-json\/wp\/v2\/pages\/64654\/revisions\/64656"}],"wp:attachment":[{"href":"https:\/\/www.plmf.ee\/en\/wp-json\/wp\/v2\/media?parent=64654"}],"curies":[{"name":"wp","href":"https:\/\/api.w.org\/{rel}","templated":true}]}}