{"id":63090,"date":"2025-11-05T19:28:53","date_gmt":"2025-11-05T17:28:53","guid":{"rendered":"https:\/\/plmf.ee\/11-11-talveooper-2025-kava\/"},"modified":"2025-11-06T15:24:27","modified_gmt":"2025-11-06T13:24:27","slug":"11-11-winter-opera-2025-program","status":"publish","type":"page","link":"https:\/\/www.plmf.ee\/en\/11-11-winter-opera-2025-program\/","title":{"rendered":"11.11 Winter Opera 2025 Program"},"content":{"rendered":"<div class=\"row \"><div class=\"wpv-grid grid-1-1  wpv-first-level first unextended\" style=\"padding-top:0px;padding-bottom:0px\" id=\"wpv-column-bdc4c72ac0ba950f3401a3d8566b76fe\" ><div class=\"text-base my-auto mx-auto pb-10 [--thread-content-margin:--spacing(4)] thread-sm:[--thread-content-margin:--spacing(6)] thread-lg:[--thread-content-margin:--spacing(16)] px-(--thread-content-margin)\">\n<div class=\"[--thread-content-max-width:40rem] thread-lg:[--thread-content-max-width:48rem] mx-auto max-w-(--thread-content-max-width) flex-1 group\/turn-messages focus-visible:outline-hidden relative flex w-full min-w-0 flex-col agent-turn\" tabindex=\"-1\">\n<div class=\"flex max-w-full flex-col grow\">\n<div class=\"min-h-8 text-message relative flex w-full flex-col items-end gap-2 text-start break-words whitespace-normal [.text-message+&amp;]:mt-1\" dir=\"auto\" data-message-author-role=\"assistant\" data-message-id=\"f5152011-0bea-48c9-8760-74e649a8757a\" data-message-model-slug=\"gpt-5\">\n<div class=\"flex w-full flex-col gap-1 empty:hidden first:pt-[1px]\">\n<div class=\"markdown prose dark:prose-invert w-full break-words dark markdown-new-styling\">\n<hr \/>\n<p style=\"text-align: center;\" data-start=\"0\" data-end=\"44\"><strong><span style=\"font-size: 14pt;\">PROGRAM<\/span><\/strong><\/p>\n<p style=\"text-align: center;\" data-start=\"0\" data-end=\"44\"><span style=\"font-size: 14pt;\"><strong>Wolfgang Amadeus Mozart<\/strong> (1756\u20131791)<br \/>\n<\/span><span style=\"font-size: 14pt;\">-Tercet Soave sia il vento \/ May the wind be gentle \u2013 from the opera Cos\u00ec fan tutte<br \/>\n<\/span><span style=\"font-size: 14pt;\">-Susanna\u2019s recitative and aria Giunse alfin il momento\u2026 Deh vieni non tardar \/ At last the moment has come\u2026 Oh come, do not delay \u2013 from the opera Le nozze di Figaro \/ The Marriage of Figaro<\/span><\/p>\n<p style=\"text-align: center;\" data-start=\"341\" data-end=\"372\"><span style=\"font-size: 14pt;\"><strong>Gioachino Rossini<\/strong> (1792\u20131868)<br \/>\n<\/span><span style=\"font-size: 14pt;\">-Isabella\u2019s aria Cruda sorte \/ Cruel fate \u2013 from the opera L\u2019italiana in Algeri \/ The Italian Girl in Algiers<em><br \/>\n<\/em><\/span><span style=\"font-size: 14pt;\">-Don Basilio\u2019s aria La calunnia \/ Slander \u2013 from the opera Il barbiere di Siviglia \/ The Barber of Seville<\/span><\/p>\n<p style=\"text-align: center;\" data-start=\"341\" data-end=\"372\"><span style=\"font-size: 14pt;\"><strong>Jacques Offenbach<\/strong> (1819\u20131880)<br \/>\n<\/span><span style=\"font-size: 14pt;\">Barcarolle Belle nuit \/ Beautiful night \u2013 from the opera Les contes d\u2019Hoffmann \/ The Tales of Hoffmann<\/span><\/p>\n<p style=\"text-align: center;\" data-start=\"761\" data-end=\"789\"><span style=\"font-size: 14pt;\"><strong>Giuseppe Verdi<\/strong> (1813\u20131901)<br \/>\n<\/span><span style=\"font-size: 14pt;\">-Azucena\u2019s aria Stride la vampa \/ The flames are blazing \u2013 from the opera Il trovatore \/ The Troubadour<br \/>\n<\/span><span style=\"font-size: 14pt;\">-Attila\u2019s aria Mentre gonfiarsi l\u2019anima \/ When my soul swells with feeling \u2013 from the opera Attila<\/span><\/p>\n<p style=\"text-align: center;\" data-start=\"1014\" data-end=\"1042\"><span style=\"font-size: 14pt;\"><strong>Anton\u00edn Dvo\u0159\u00e1k<\/strong> (1841\u20131904)<br \/>\n<\/span><span style=\"font-size: 14pt;\">Rusalka\u2019s aria M\u011bs\u00ed\u010dku na nebi \/ Song to the Moon \u2013 from the opera Rusalka<\/span><\/p>\n<p style=\"text-align: center;\" data-start=\"1129\" data-end=\"1156\"><span style=\"font-size: 14pt;\"><strong>Georges Bizet<\/strong> (1838\u20131875)<br \/>\n<\/span><span style=\"font-size: 14pt;\">-Carmen\u2019s Habanera<br \/>\n<\/span><span style=\"font-size: 14pt;\">-Carmen and Toreador duet<br \/>\n<\/span><span style=\"font-size: 14pt;\">-Toreador\u2019s aria Votre toast \/ Your salute<br \/>\nfrom the opera Carmen<\/span><\/p>\n<p style=\"text-align: center;\" data-start=\"1129\" data-end=\"1156\"><span style=\"font-size: 14pt;\"><strong>Jules Massenet<\/strong> (1842\u20131912)<br \/>\n<\/span><span style=\"font-size: 14pt;\">Salome\u2019s aria Celui dont la parole\u2026 Il est doux \/ He whose word\u2026 is gentle \u2013 from the opera H\u00e9rodiade<\/span><\/p>\n<p style=\"text-align: center;\" data-start=\"1129\" data-end=\"1156\"><span style=\"font-size: 14pt;\"><strong>Camille Saint-Sa\u00ebns<\/strong> (1835\u20131921)<br \/>\n<\/span><span style=\"font-size: 14pt;\">Dalila\u2019s aria Mon c\u0153ur s\u2019ouvre \u00e0 ta voix \/ My heart opens to your voice \u2013 from the opera Samson et Dalila \/ Samson and Delilah<\/span><\/p>\n<p style=\"text-align: center;\" data-start=\"1601\" data-end=\"1629\"><span style=\"font-size: 14pt;\"><strong>Richard Wagner<\/strong> (1813\u20131883)<br \/>\n<\/span><span style=\"font-size: 14pt;\">Wolfram\u2019s song Wie Todesahnung\u2026 O, du mein Abendstern \/ As death\u2019s foreboding\u2026 O, my evening star \u2013 from the opera Tannh\u00e4user<\/span><\/p>\n<p style=\"text-align: center;\" data-start=\"1767\" data-end=\"1792\"><strong><span style=\"font-size: 14pt;\">Wolfgang Amadeus Mozart<br \/>\n<\/span><\/strong><span style=\"font-size: 14pt;\">Zerlina and Don Giovanni duet L\u00e0 ci darem la mano \/ There we\u2019ll join hands \u2013 from the opera Don Giovanni<\/span><\/p>\n<hr \/>\n<p style=\"text-align: justify;\" data-start=\"1914\" data-end=\"3892\"><span style=\"font-size: 14pt;\"><strong data-start=\"1914\" data-end=\"1931\">KRISTINA V\u00c4HI<\/strong> has been recognized as a soloist in opera, operetta, and musicals. She graduated from the Georg Ots Tallinn Music School (under M. J\u00f5geva) and the Estonian Academy of Music and Theatre (EAMT) with bachelor\u2019s and master\u2019s degrees in opera singing (under R. Airenne, Prof. T. Novit\u0161enko). V\u00e4hi has furthered her studies at the Royal Conservatoire in The Hague and attended numerous masterclasses (E. M\u00e4rtson, G. Kahry, C. Deutekom, R. Piernay, I. Kremling, J. Beckman, M. Pelo, M. Hauswalter). She won the 1st prize at the Klaudia Taevi International Competition for Young Singers (1996). From 2006\u20132013, V\u00e4hi was a soloist at the Estonian National Opera (RO Estonia). She has also sung in productions at the Vanemuine Theatre, EAMT Opera Studio, and Saaremaa Opera Days, and has been invited to various festivals and musicals organized by Smithbridge Productions and the Vanemuine Theatre. Since 1997 she has been a soloist with the creative ensemble Operetta Scretta. Her roles include Adina (Donizetti\u2019s L\u2019elisir d\u2019amore), Baroness (Lortzing\u2019s Der Wildsch\u00fctz), \u00c4nnchen (Weber\u2019s Der Freisch\u00fctz), Oscar (Verdi\u2019s Un ballo in maschera), and in Mozart\u2019s operas Zerlina, First Lady, and Despina (Don Giovanni, The Magic Flute, Cos\u00ec fan tutte); from Menotti\u2019s operas Lucy, Monica, and Miss Pinkerton (The Telephone, The Medium, The Old Maid and the Thief); Rossini\u2019s Fanny and Clorinda (The Marriage Contract, Cinderella); Nedda (Leoncavallo\u2019s Pagliacci), Ninetta (Prokofiev\u2019s The Love for Three Oranges), Luise (Aints\u2019 Rehepapp), Adele and Gagliari (Strauss\u2019s Die Fledermaus, Wiener Blut), Lisa and Stasi (K\u00e1lm\u00e1n\u2019s Countess Maritza, Silva), Damon (Handel\u2019s Acis and Galatea), Maria (Leigh\u2019s Man of La Mancha), Soulgirl and Carlotta (Webber\u2019s Jesus Christ Superstar, The Phantom of the Opera), and many others. Currently, she works as a freelance opera soloist. Kristina V\u00e4hi is a scholar of the PLMF Music Foundation.<\/span><\/p>\n<p style=\"text-align: justify;\" data-start=\"3899\" data-end=\"5611\"><span style=\"font-size: 14pt;\"><strong data-start=\"3899\" data-end=\"3919\">ANNALIISA PILLAK<\/strong> is an outstanding Estonian mezzo-soprano who began her vocal studies at the Georg Ots Tallinn Music School under Ludmilla Dombrovska-Keis and continued at the Sibelius Academy, graduating in 2006 under Annika Ollinkari. She has pursued further studies at the Giuseppe Verdi Conservatory in Milan (with S. Turchetta, S. Dozi, 2005) and with Renate Behle in Hamburg, and participated in many masterclasses. Pillak made her debut at the Estonian National Opera as Sesto in Mozart\u2019s La clemenza di Tito (2006). Her stage roles include Cinderella (Rossini\u2019s La Cenerentola), Second Diplomat (T\u00fc\u00fcr\u2019s Wallenberg), Rinaldo (Handel\u2019s Rinaldo), Nicklausse\/Muse (Offenbach\u2019s The Tales of Hoffmann), Larina and Olga (Tchaikovsky\u2019s Eugene Onegin), Kristi (Tubin\u2019s The Parson of Reigi), Woman (Lill\u2019s Into the Fire), Witch (Humperdinck\u2019s Hansel and Gretel), Dorabella (Mozart\u2019s Cos\u00ec fan tutte), Cherubino (Mozart\u2019s The Marriage of Figaro), Second Lady (Mozart\u2019s The Magic Flute), Dryad (R. Strauss\u2019s Ariadne auf Naxos), Lisetta (Haydn\u2019s The World on the Moon), Juula (Varres\u2019s The Old Devil from P\u00f5rgup\u00f5hja), Public Opinion (Offenbach\u2019s Orpheus in the Underworld), Pierotto (Donizetti\u2019s Linda di Chamounix), Tolomeo (Handel\u2019s Julius Caesar), and Berta (Rossini\u2019s Let\u2019s Play The Barber of Seville). Pillak is also a renowned lieder singer and has appeared as a soloist with many orchestras. Her sacred repertoire is extensive. In 2012, she premiered the title role in Paavo Piik\u2019s experimental concert performance Diva, which has since been performed over 90 times at various theatre and music festivals. Annaliisa Pillak is a scholar of the PLMF Music Foundation.<\/span><\/p>\n<p style=\"text-align: justify;\" data-start=\"5618\" data-end=\"8475\"><span style=\"font-size: 14pt;\"><strong data-start=\"5618\" data-end=\"5635\">PAVLO BALAKIN<\/strong> is one of the most capable operatic basses of his generation. He graduated from Donetsk Music Academy as a jazz saxophonist and later studied opera singing at the Estonian Academy of Music and Theatre (Prof. M. Palm), supplementing his training with distinguished mentors such as R. Barker, R. Ferrari, K. Vavolo, K. Okerlund, and J. Goldberg. From 2002\u20132008, Balakin sang in the Ukrainian National Opera Chorus, joining the Estonian National Opera in 2008 as a chorister and becoming a soloist in 2013. In 2016, he made his international debut in Italy, singing the title role in Verdi\u2019s Attila at Teatro Massimo di Palermo, later performing Dottore Grenvil in Verdi\u2019s La Traviata at Opera di Firenze. In 2017, he reprised Attila and sang Hermann (Wagner\u2019s Tannh\u00e4user) at Teatro La Fenice, Ramfis (Verdi\u2019s Aida), the Police Chief (Hindemith\u2019s Cardillac) at the Estonian National Opera, and Dulcamara (Donizetti\u2019s L\u2019elisir d\u2019amore) at the Danish National Opera. In 2018, he appeared as Daland (Wagner\u2019s The Flying Dutchman) at the Lithuanian National Opera and as Dulcamara in Lviv. His repertoire includes Commendatore (Mozart\u2019s Don Giovanni, Latvian National Opera), M\u00e9phistoph\u00e9l\u00e8s (Gounod\u2019s Faust), Walter (Verdi\u2019s Luisa Miller, Latvian National Opera), Don Pasquale (Donizetti\u2019s Don Pasquale), Don Magnifico (Rossini\u2019s Cinderella, Latvian National Opera), Malyuta (Rimsky-Korsakov\u2019s The Tsar\u2019s Bride), Angelotti (Puccini\u2019s Tosca), Enrico (Donizetti\u2019s Anna Bolena), Ptolemaios (Handel\u2019s Julius Caesar), Surin (Tchaikovsky\u2019s The Queen of Spades), Boris and Pimen (Mussorgsky\u2019s Boris Godunov), Salieri (Rimsky-Korsakov\u2019s Mozart and Salieri, concert performance), and many Verdi roles including Zaccaria (Nabucco), Marquis d&#8217;Orbigny (La Traviata), Count Ceprano (Rigoletto), and Count Horn (Un ballo in maschera). His concert repertoire includes Beethoven\u2019s 9th Symphony, S. Gubaidulina\u2019s On Love and Hatred, J. S. Bach\u2019s St. John Passion and St. Matthew Passion, Verdi and Mozart Requiems, Strauss\u2019s Deutsche Motette, and Rossini\u2019s Petite messe solennelle. Balakin has collaborated with esteemed conductors including D. Oren, R. Frizza, O. M. Wellber, F. M. Carminati, E. Klas, A. Mustonen, V. P\u00e4hn, A. Volmer, and prominent directors such as D. Bertman, D. Slater, D. Abbado, C. Bieito, G. Rootering, P. Recinella, V. Kiljunen, A. Zagars, and T. Kratzer. In 2013, Balakin received the Estonian Theatre\u2019s \u201cCrystal Shoe\u201d award for his portrayal of Mephisto in Faust, and in 2021, the Estonian Theatre Music Award for the title role in Donizetti\u2019s Don Pasquale. In 2021\u20132022, he was a soloist at the Latvian National Opera. In 2023, he appeared as King Heinrich in Wagner\u2019s Lohengrin at the Estonian National Opera. Pavlo Balakin is a scholar of the PLMF Music Foundation.<\/span><\/p>\n<p style=\"text-align: justify;\" data-start=\"5618\" data-end=\"8475\"><span style=\"font-size: 14pt;\"><strong data-start=\"8482\" data-end=\"8499\">PIIA PAEMURRU<\/strong> is one of Estonia\u2019s most esteemed accompanists, especially for opera singers such as V. Noreika, J. Ryh\u00e4nen, M. Voites, M. Palm, P. Lill, A. Saal, R. Soom, P. Volmer, H. Lokuta, A. Mikk, K. V\u00e4hi, O. Kuusik, M. Listra, K. Puis, P. Jonas, D. Savinova, M. Veretenina, A. Pillak, T. Dede, K. J\u00fcrgens, S. Laagus, A. Soode, A. Karp, S. Breede, T. Nugis, R. Raalik, P. Balakin, R. Kull, R. Tamm, and many others. Her concert activity has also brought her together with distinguished instrumentalists such as P. Paemurru, M. Tampere-Bezrodny, A. Lend, A. Tammesalu, and V. Veldi. Paemurru graduated from the Tallinn Conservatory\u2019s master\u2019s program under Prof. Laine Mets (1999) and has been working as a vocal accompanist at the Estonian Academy of Music and Theatre since 1986. She has participated as a r\u00e9p\u00e9titeur in numerous Bavarian Opera Academy masterclasses and auditions in Germany. Paemurru has received multiple special prizes for best accompanist at vocal competitions, including five times at the Klaudia Taevi International Competition. Since 2016, she has also worked as a r\u00e9p\u00e9titeur at the Vanemuine Theatre. Piia Paemurru is a scholar of the PLMF Music Foundation.<\/span><\/p>\n<hr \/>\n<p style=\"text-align: justify;\" data-start=\"5618\" data-end=\"8475\">\n<\/div>\n<\/div>\n<\/div>\n<\/div>\n<\/div>\n<\/div><\/div><\/div>\n","protected":false},"excerpt":{"rendered":"<p>PROGRAM Wolfgang Amadeus Mozart (1756\u20131791) -Tercet Soave sia il vento \/ May the wind be gentle \u2013 from the opera Cos\u00ec fan tutte -Susanna\u2019s recitative and aria Giunse alfin il&#8230;<\/p>\n","protected":false},"author":9,"featured_media":0,"parent":0,"menu_order":0,"comment_status":"closed","ping_status":"closed","template":"","meta":{"footnotes":""},"class_list":["post-63090","page","type-page","status-publish","hentry"],"yoast_head":"<!-- This site is optimized with the Yoast SEO plugin v27.1.1 - https:\/\/yoast.com\/product\/yoast-seo-wordpress\/ -->\n<title>11.11 Winter Opera 2025 Program - Pille Lill Music Fund<\/title>\n<meta name=\"robots\" content=\"index, follow, max-snippet:-1, max-image-preview:large, max-video-preview:-1\" \/>\n<link rel=\"canonical\" href=\"https:\/\/plmf.ee\/en\/11-11-winter-opera-2025-program\/\" \/>\n<meta property=\"og:locale\" content=\"en_US\" \/>\n<meta property=\"og:type\" content=\"article\" \/>\n<meta property=\"og:title\" content=\"11.11 Winter Opera 2025 Program - Pille Lill Music Fund\" \/>\n<meta property=\"og:description\" content=\"PROGRAM Wolfgang Amadeus Mozart (1756\u20131791) -Tercet Soave sia il vento \/ May the wind be gentle \u2013 from the opera Cos\u00ec fan tutte -Susanna\u2019s recitative and aria Giunse alfin il...\" \/>\n<meta property=\"og:url\" content=\"https:\/\/plmf.ee\/en\/11-11-winter-opera-2025-program\/\" \/>\n<meta property=\"og:site_name\" content=\"Pille Lill Music Fund\" \/>\n<meta property=\"article:modified_time\" content=\"2025-11-06T13:24:27+00:00\" \/>\n<meta name=\"twitter:card\" content=\"summary_large_image\" \/>\n<meta name=\"twitter:label1\" content=\"Est. reading time\" \/>\n\t<meta name=\"twitter:data1\" content=\"8 minutes\" \/>\n<script type=\"application\/ld+json\" class=\"yoast-schema-graph\">{\"@context\":\"https:\/\/schema.org\",\"@graph\":[{\"@type\":\"WebPage\",\"@id\":\"https:\/\/plmf.ee\/en\/11-11-winter-opera-2025-program\/\",\"url\":\"https:\/\/plmf.ee\/en\/11-11-winter-opera-2025-program\/\",\"name\":\"11.11 Winter Opera 2025 Program - Pille Lill Music Fund\",\"isPartOf\":{\"@id\":\"https:\/\/www.plmf.ee\/#website\"},\"datePublished\":\"2025-11-05T17:28:53+00:00\",\"dateModified\":\"2025-11-06T13:24:27+00:00\",\"breadcrumb\":{\"@id\":\"https:\/\/plmf.ee\/en\/11-11-winter-opera-2025-program\/#breadcrumb\"},\"inLanguage\":\"en-US\",\"potentialAction\":[{\"@type\":\"ReadAction\",\"target\":[\"https:\/\/plmf.ee\/en\/11-11-winter-opera-2025-program\/\"]}]},{\"@type\":\"BreadcrumbList\",\"@id\":\"https:\/\/plmf.ee\/en\/11-11-winter-opera-2025-program\/#breadcrumb\",\"itemListElement\":[{\"@type\":\"ListItem\",\"position\":1,\"name\":\"Home\",\"item\":\"https:\/\/www.plmf.ee\/en\/\"},{\"@type\":\"ListItem\",\"position\":2,\"name\":\"11.11 Winter Opera 2025 Program\"}]},{\"@type\":\"WebSite\",\"@id\":\"https:\/\/www.plmf.ee\/#website\",\"url\":\"https:\/\/www.plmf.ee\/\",\"name\":\"Pille Lill Music Fund\",\"description\":\"Planet Of Talent\",\"potentialAction\":[{\"@type\":\"SearchAction\",\"target\":{\"@type\":\"EntryPoint\",\"urlTemplate\":\"https:\/\/www.plmf.ee\/?s={search_term_string}\"},\"query-input\":{\"@type\":\"PropertyValueSpecification\",\"valueRequired\":true,\"valueName\":\"search_term_string\"}}],\"inLanguage\":\"en-US\"}]}<\/script>\n<!-- \/ Yoast SEO plugin. -->","yoast_head_json":{"title":"11.11 Winter Opera 2025 Program - Pille Lill Music Fund","robots":{"index":"index","follow":"follow","max-snippet":"max-snippet:-1","max-image-preview":"max-image-preview:large","max-video-preview":"max-video-preview:-1"},"canonical":"https:\/\/plmf.ee\/en\/11-11-winter-opera-2025-program\/","og_locale":"en_US","og_type":"article","og_title":"11.11 Winter Opera 2025 Program - Pille Lill Music Fund","og_description":"PROGRAM Wolfgang Amadeus Mozart (1756\u20131791) -Tercet Soave sia il vento \/ May the wind be gentle \u2013 from the opera Cos\u00ec fan tutte -Susanna\u2019s recitative and aria Giunse alfin il...","og_url":"https:\/\/plmf.ee\/en\/11-11-winter-opera-2025-program\/","og_site_name":"Pille Lill Music Fund","article_modified_time":"2025-11-06T13:24:27+00:00","twitter_card":"summary_large_image","twitter_misc":{"Est. reading time":"8 minutes"},"schema":{"@context":"https:\/\/schema.org","@graph":[{"@type":"WebPage","@id":"https:\/\/plmf.ee\/en\/11-11-winter-opera-2025-program\/","url":"https:\/\/plmf.ee\/en\/11-11-winter-opera-2025-program\/","name":"11.11 Winter Opera 2025 Program - Pille Lill Music Fund","isPartOf":{"@id":"https:\/\/www.plmf.ee\/#website"},"datePublished":"2025-11-05T17:28:53+00:00","dateModified":"2025-11-06T13:24:27+00:00","breadcrumb":{"@id":"https:\/\/plmf.ee\/en\/11-11-winter-opera-2025-program\/#breadcrumb"},"inLanguage":"en-US","potentialAction":[{"@type":"ReadAction","target":["https:\/\/plmf.ee\/en\/11-11-winter-opera-2025-program\/"]}]},{"@type":"BreadcrumbList","@id":"https:\/\/plmf.ee\/en\/11-11-winter-opera-2025-program\/#breadcrumb","itemListElement":[{"@type":"ListItem","position":1,"name":"Home","item":"https:\/\/www.plmf.ee\/en\/"},{"@type":"ListItem","position":2,"name":"11.11 Winter Opera 2025 Program"}]},{"@type":"WebSite","@id":"https:\/\/www.plmf.ee\/#website","url":"https:\/\/www.plmf.ee\/","name":"Pille Lill Music Fund","description":"Planet Of Talent","potentialAction":[{"@type":"SearchAction","target":{"@type":"EntryPoint","urlTemplate":"https:\/\/www.plmf.ee\/?s={search_term_string}"},"query-input":{"@type":"PropertyValueSpecification","valueRequired":true,"valueName":"search_term_string"}}],"inLanguage":"en-US"}]}},"_links":{"self":[{"href":"https:\/\/www.plmf.ee\/en\/wp-json\/wp\/v2\/pages\/63090","targetHints":{"allow":["GET"]}}],"collection":[{"href":"https:\/\/www.plmf.ee\/en\/wp-json\/wp\/v2\/pages"}],"about":[{"href":"https:\/\/www.plmf.ee\/en\/wp-json\/wp\/v2\/types\/page"}],"author":[{"embeddable":true,"href":"https:\/\/www.plmf.ee\/en\/wp-json\/wp\/v2\/users\/9"}],"replies":[{"embeddable":true,"href":"https:\/\/www.plmf.ee\/en\/wp-json\/wp\/v2\/comments?post=63090"}],"version-history":[{"count":4,"href":"https:\/\/www.plmf.ee\/en\/wp-json\/wp\/v2\/pages\/63090\/revisions"}],"predecessor-version":[{"id":63100,"href":"https:\/\/www.plmf.ee\/en\/wp-json\/wp\/v2\/pages\/63090\/revisions\/63100"}],"wp:attachment":[{"href":"https:\/\/www.plmf.ee\/en\/wp-json\/wp\/v2\/media?parent=63090"}],"curies":[{"name":"wp","href":"https:\/\/api.w.org\/{rel}","templated":true}]}}