{"id":49,"date":"2013-03-22T14:41:18","date_gmt":"2013-03-22T11:41:18","guid":{"rendered":"https:\/\/church-event.vamtam.com\/?page_id=37"},"modified":"2026-02-11T16:28:53","modified_gmt":"2026-02-11T14:28:53","slug":"awards","status":"publish","type":"page","link":"https:\/\/www.plmf.ee\/en\/awards\/","title":{"rendered":"Awards"},"content":{"rendered":"<div class=\"push\" style='height:30px'><\/div>\n<div class=\"row \"><div class=\"wpv-grid grid-1-1  wpv-first-level first unextended\" style=\"padding-top:0px;padding-bottom:0px\" id=\"wpv-column-2dbc60e31a7a6455aa1073bc7e997b96\" ><div class=\"flex flex-col text-sm pb-25\">\n<article class=\"text-token-text-primary w-full focus:outline-none [--shadow-height:45px] has-data-writing-block:pointer-events-none has-data-writing-block:-mt-(--shadow-height) has-data-writing-block:pt-(--shadow-height) [&amp;:has([data-writing-block])&gt;*]:pointer-events-auto [content-visibility:auto] supports-[content-visibility:auto]:[contain-intrinsic-size:auto_100lvh] scroll-mt-[calc(var(--header-height)+min(200px,max(70px,20svh)))]\" dir=\"auto\" tabindex=\"-1\" data-turn-id=\"81622b20-9db9-4df7-93b3-147864012ac2\" data-testid=\"conversation-turn-2\" data-scroll-anchor=\"true\" data-turn=\"assistant\">\n<div class=\"text-base my-auto mx-auto pb-10 [--thread-content-margin:--spacing(4)] @w-sm\/main:[--thread-content-margin:--spacing(6)] @w-lg\/main:[--thread-content-margin:--spacing(16)] px-(--thread-content-margin)\">\n<div class=\"[--thread-content-max-width:40rem] @w-lg\/main:[--thread-content-max-width:48rem] mx-auto max-w-(--thread-content-max-width) flex-1 group\/turn-messages focus-visible:outline-hidden relative flex w-full min-w-0 flex-col agent-turn\" tabindex=\"-1\">\n<div class=\"flex max-w-full flex-col grow\">\n<div class=\"min-h-8 text-message relative flex w-full flex-col items-end gap-2 text-start break-words whitespace-normal [.text-message+&amp;]:mt-1\" dir=\"auto\" data-message-author-role=\"assistant\" data-message-id=\"1df68b11-ab5d-44d2-90f5-1b1b5d29a6ef\" data-message-model-slug=\"gpt-5-2\">\n<div class=\"flex w-full flex-col gap-1 empty:hidden first:pt-[1px]\">\n<div class=\"markdown prose dark:prose-invert w-full wrap-break-word dark markdown-new-styling\">\n<p style=\"text-align: center;\" data-start=\"39\" data-end=\"187\"><span style=\"font-size: 18pt;\"><strong>Over the years, it has been a great honor for PLMF to present numerous awards, with the support of sponsors, to highlight and promote young talents.<\/strong><\/span><br \/>\n<span style=\"font-size: 18pt;\"><strong>If you also consider it important to support Estonia\u2019s musical talents, please write to us at <a class=\"decorated-link cursor-pointer\" rel=\"noopener\" data-start=\"283\" data-end=\"295\">plmf12@gmail.ee<\/a><\/strong><\/span><\/p>\n<p style=\"text-align: center;\" data-start=\"298\" data-end=\"492\"><span style=\"font-size: 18pt;\">If you would like to make a contribution to support young talents, please transfer your donation to the LHV bank account<\/span><br data-start=\"418\" data-end=\"421\" \/><span style=\"font-size: 18pt;\">EE037700771003227591, indicating the name of the respective award fund.<br \/>\n<\/span><span style=\"font-size: 18pt;\">Muusikute T\u00e4iend\u00f5ppe Keskus MT\u00dc is included in the list of non-profit organizations eligible for income tax benefits.<\/span><\/p>\n<\/div>\n<\/div>\n<\/div>\n<\/div>\n<\/div>\n<\/div>\n<\/article>\n<\/div><\/div><\/div>\n<div class=\"sep\"><\/div>\n<div class=\"row \"><div class=\"wpv-grid grid-1-3  wpv-first-level first unextended\" style=\"padding-top:0px;padding-bottom:0px\" id=\"wpv-column-12b7188d78bc7f8bc31259938806c969\" ><h4><span style=\"text-decoration: underline;\"><strong>Kelam family award named after Marje and Kuldar Sink &#8220;Young Singer&#8221; and &#8220;Young Musician<\/strong>&#8220;<\/span><\/h4>\n<p>2005 &#8211; Oliver Kuusik (tenor)<br \/>\n2006 &#8211; Rene Soom (baritone)<br \/>\n2007 &#8211; K\u00e4dy Plaas (soprano)<br \/>\n2008 &#8211; Priit Volmer (bass)<br \/>\n2009 &#8211; Maria Veretenina (soprano)<br \/>\n2010 &#8211; Arete Teemets (soprano)<br \/>\n2011 &#8211; Andreas Lend (cello)<br \/>\n2012 &#8211; Kristel P\u00e4rtna (soprano)<br \/>\n2013 &#8211; Ivi Ots (violin)<br \/>\n2014 &#8211; Johan Randvere (piano)<br \/>\n2015 &#8211; P\u00e4rt Uusbeg (composer)<br \/>\n2017 &#8211; Raiko Raalik (bass)<br \/>\n2018 &#8211; Kadi J\u00fcrgens (mezzosoprano)<br \/>\n2019 &#8211; Ille Saar (soprano)<br \/>\n2020 &#8211; Martin Karu (countertenor)<br \/>\n2021 &#8211; Theodor Sink (cello)<br \/>\n2022 &#8211; Marcel Johannes Kits (cello)<br \/>\n2023 &#8211; Sandra Laagus (mezzosoprano)<br \/>\n2024 \u2013 Hans Christian Aavik (violin)<br \/>\n2025 \u2013 Annabel Soode (soprano)<\/div>\n<div class=\"wpv-grid grid-1-3  wpv-first-level unextended\" style=\"padding-top:0px;padding-bottom:0px\" id=\"wpv-column-227498db547bcb56ecda1af9d30fa168\" ><h4><span style=\"text-decoration: underline;\"><strong>Award named after PLMF patron Lord Carlisle<br \/>\n<\/strong><strong>&#8220;Young Musician<\/strong>&#8220;<\/span><\/h4>\n\n<p>2005 &#8211; Helen Lokuta (mezzosoprano)<\/p>\n<p>2006 &#8211; Anna-Liisa Bezrodny (violin)<\/p>\n<p>2007 &#8211; Mihkel Poll (piano)<\/p>\n<p>2008 &#8211; Oksana Sinkova (flute)\n<h4><span style=\"text-decoration: underline;\"><strong>Award named after Vendor Eesti <\/strong><\/span><br \/>\n<span style=\"text-decoration: underline;\"><strong>\u201cYoung Conductor\u201d<\/strong><\/span><\/h4>\n\n<p>2007 \u2013 Mikk Murdvee<\/p>\n<p>2008 \u2013 Lilyan Kaiv<\/p>\n<p>2009 \u2013 Risto Joost<\/div>\n<div class=\"wpv-grid grid-1-3  wpv-first-level unextended\" style=\"padding-top:0px;padding-bottom:0px\" id=\"wpv-column-84af9eb331e42a2b6c3ac6bd1b53ba08\" ><h4><span style=\"text-decoration: underline;\"><strong>Award named after Marje and Kuldar Sink<\/strong><\/span><br \/>\n<span style=\"text-decoration: underline;\"><strong>\u201cMUBA Talent\u201d<\/strong><\/span><\/h4>\n\n<p>2023 \u2013 Aleksandra Galushkina (piano)<\/p>\n<div class=\"flex flex-col text-sm pb-25\">\n<article class=\"text-token-text-primary w-full focus:outline-none &#091;--shadow-height:45px&#093; has-data-writing-block:pointer-events-none has-data-writing-block:-mt-(--shadow-height) has-data-writing-block:pt-(--shadow-height) &#091;&#038;:has(&#091;data-writing-block&#093;)>*]:pointer-events-auto scroll-mt-[calc(var(&#8211;header-height)+min(200px,max(70px,20svh)))]&#8221; dir=&#8221;auto&#8221; tabindex=&#8221;-1&#8243; data-turn-id=&#8221;request-WEB:9ada14e4-464b-4dba-9874-83c888f4eb46-5&#8243; data-testid=&#8221;conversation-turn-6&#8243; data-scroll-anchor=&#8221;true&#8221; data-turn=&#8221;assistant&#8221;><\/p>\n<div class=\"text-base my-auto mx-auto pb-10 &#091;--thread-content-margin:--spacing(4)&#093; @w-sm\/main:&#091;--thread-content-margin:--spacing(6)&#093; @w-lg\/main:&#091;--thread-content-margin:--spacing(16)&#093; px-(--thread-content-margin)\">\n<div class=\"&#091;--thread-content-max-width:40rem&#093; @w-lg\/main:&#091;--thread-content-max-width:48rem&#093; mx-auto max-w-(--thread-content-max-width) flex-1 group\/turn-messages focus-visible:outline-hidden relative flex w-full min-w-0 flex-col agent-turn\" tabindex=\"-1\">\n<div class=\"flex max-w-full flex-col grow\">\n<div class=\"min-h-8 text-message relative flex w-full flex-col items-end gap-2 text-start break-words whitespace-normal &#091;.text-message+&#038;&#093;:mt-1\" dir=\"auto\" data-message-author-role=\"assistant\" data-message-id=\"009e43dc-89de-4c79-907d-1f72bb5385ca\" data-message-model-slug=\"gpt-5-2\">\n<div class=\"flex w-full flex-col gap-1 empty:hidden first:pt-&#091;1px&#093;\">\n<div class=\"markdown prose dark:prose-invert w-full wrap-break-word dark markdown-new-styling\">\n<p data-start=\"0\" data-end=\"38\">2023 \u2013 Anna Katarina Tralla (violin)<\/p>\n<p data-start=\"40\" data-end=\"67\">2024 \u2013 Madis Sikk (piano)<\/p>\n<p data-start=\"40\" data-end=\"67\">2025 &#8211; Karl Martin Tombak (percussionist)<\/p>\n<p data-start=\"69\" data-end=\"186\" data-is-last-node=\"\" data-is-only-node=\"\">The award was established in 2023 in memory of Mr. Tunne Kelam\u2019s mother and brother, composers Marje and Kuldar Sink.<\/p>\n<\/div>\n<\/div>\n<\/div>\n<\/div>\n<\/div>\n<\/div>\n<\/article>\n<\/div>\n\n<h4><span style=\"text-decoration: underline;\"><strong>Award named after Riho Terras<\/strong><\/span><br \/>\n<span style=\"text-decoration: underline;\"><strong>\u201cYoung Tenor\u201d<\/strong><\/span><\/h4>\n\n<p>2022 \u2013 Yixuan Wang\n<h4><span style=\"text-decoration: underline;\"><strong>Reward fund named after Katrin Puhkason<\/strong><\/span><br \/>\n<span style=\"text-decoration: underline;\"><strong>\u201cVirumaa Young Musician\u201d<\/strong><\/span><\/h4><\/div><\/div>\n<div class=\"row \"><div class=\"wpv-grid grid-1-1  wpv-first-level first unextended\" style=\"padding-top:0px;padding-bottom:0px\" id=\"wpv-column-d3811f7f47a26112cd5dc10989a5d4d3\" ><\/div><\/div>\n","protected":false},"excerpt":{"rendered":"<p>Over the years, it has been a great honor for PLMF to present numerous awards, with the support of sponsors, to highlight and promote young talents. If you also consider&#8230;<\/p>\n","protected":false},"author":1,"featured_media":0,"parent":0,"menu_order":9,"comment_status":"closed","ping_status":"closed","template":"","meta":{"footnotes":""},"class_list":["post-49","page","type-page","status-publish","hentry"],"yoast_head":"<!-- This site is optimized with the Yoast SEO plugin v27.1.1 - https:\/\/yoast.com\/product\/yoast-seo-wordpress\/ -->\n<title>Awards - Pille Lill Music Fund<\/title>\n<meta name=\"robots\" content=\"index, follow, max-snippet:-1, max-image-preview:large, max-video-preview:-1\" \/>\n<link rel=\"canonical\" href=\"https:\/\/www.plmf.ee\/preemiad\/\" \/>\n<meta property=\"og:locale\" content=\"en_US\" \/>\n<meta property=\"og:type\" content=\"article\" \/>\n<meta property=\"og:title\" content=\"Awards - Pille Lill Music Fund\" \/>\n<meta property=\"og:description\" content=\"Over the years, it has been a great honor for PLMF to present numerous awards, with the support of sponsors, to highlight and promote young talents. If you also consider...\" \/>\n<meta property=\"og:url\" content=\"https:\/\/www.plmf.ee\/preemiad\/\" \/>\n<meta property=\"og:site_name\" content=\"Pille Lill Music Fund\" \/>\n<meta property=\"article:modified_time\" content=\"2026-02-11T14:28:53+00:00\" \/>\n<meta name=\"twitter:card\" content=\"summary_large_image\" \/>\n<meta name=\"twitter:label1\" content=\"Est. reading time\" \/>\n\t<meta name=\"twitter:data1\" content=\"3 minutes\" \/>\n<script type=\"application\/ld+json\" class=\"yoast-schema-graph\">{\"@context\":\"https:\/\/schema.org\",\"@graph\":[{\"@type\":\"WebPage\",\"@id\":\"https:\/\/www.plmf.ee\/preemiad\/\",\"url\":\"https:\/\/www.plmf.ee\/preemiad\/\",\"name\":\"Awards - Pille Lill Music Fund\",\"isPartOf\":{\"@id\":\"https:\/\/www.plmf.ee\/#website\"},\"datePublished\":\"2013-03-22T11:41:18+00:00\",\"dateModified\":\"2026-02-11T14:28:53+00:00\",\"breadcrumb\":{\"@id\":\"https:\/\/www.plmf.ee\/preemiad\/#breadcrumb\"},\"inLanguage\":\"en-US\",\"potentialAction\":[{\"@type\":\"ReadAction\",\"target\":[\"https:\/\/www.plmf.ee\/preemiad\/\"]}]},{\"@type\":\"BreadcrumbList\",\"@id\":\"https:\/\/www.plmf.ee\/preemiad\/#breadcrumb\",\"itemListElement\":[{\"@type\":\"ListItem\",\"position\":1,\"name\":\"Home\",\"item\":\"https:\/\/plmf.ee\/en\/\"},{\"@type\":\"ListItem\",\"position\":2,\"name\":\"Awards\"}]},{\"@type\":\"WebSite\",\"@id\":\"https:\/\/www.plmf.ee\/#website\",\"url\":\"https:\/\/www.plmf.ee\/\",\"name\":\"Pille Lill Music Fund\",\"description\":\"Planet Of Talent\",\"potentialAction\":[{\"@type\":\"SearchAction\",\"target\":{\"@type\":\"EntryPoint\",\"urlTemplate\":\"https:\/\/www.plmf.ee\/?s={search_term_string}\"},\"query-input\":{\"@type\":\"PropertyValueSpecification\",\"valueRequired\":true,\"valueName\":\"search_term_string\"}}],\"inLanguage\":\"en-US\"}]}<\/script>\n<!-- \/ Yoast SEO plugin. -->","yoast_head_json":{"title":"Awards - Pille Lill Music Fund","robots":{"index":"index","follow":"follow","max-snippet":"max-snippet:-1","max-image-preview":"max-image-preview:large","max-video-preview":"max-video-preview:-1"},"canonical":"https:\/\/www.plmf.ee\/preemiad\/","og_locale":"en_US","og_type":"article","og_title":"Awards - Pille Lill Music Fund","og_description":"Over the years, it has been a great honor for PLMF to present numerous awards, with the support of sponsors, to highlight and promote young talents. If you also consider...","og_url":"https:\/\/www.plmf.ee\/preemiad\/","og_site_name":"Pille Lill Music Fund","article_modified_time":"2026-02-11T14:28:53+00:00","twitter_card":"summary_large_image","twitter_misc":{"Est. reading time":"3 minutes"},"schema":{"@context":"https:\/\/schema.org","@graph":[{"@type":"WebPage","@id":"https:\/\/www.plmf.ee\/preemiad\/","url":"https:\/\/www.plmf.ee\/preemiad\/","name":"Awards - Pille Lill Music Fund","isPartOf":{"@id":"https:\/\/www.plmf.ee\/#website"},"datePublished":"2013-03-22T11:41:18+00:00","dateModified":"2026-02-11T14:28:53+00:00","breadcrumb":{"@id":"https:\/\/www.plmf.ee\/preemiad\/#breadcrumb"},"inLanguage":"en-US","potentialAction":[{"@type":"ReadAction","target":["https:\/\/www.plmf.ee\/preemiad\/"]}]},{"@type":"BreadcrumbList","@id":"https:\/\/www.plmf.ee\/preemiad\/#breadcrumb","itemListElement":[{"@type":"ListItem","position":1,"name":"Home","item":"https:\/\/plmf.ee\/en\/"},{"@type":"ListItem","position":2,"name":"Awards"}]},{"@type":"WebSite","@id":"https:\/\/www.plmf.ee\/#website","url":"https:\/\/www.plmf.ee\/","name":"Pille Lill Music Fund","description":"Planet Of Talent","potentialAction":[{"@type":"SearchAction","target":{"@type":"EntryPoint","urlTemplate":"https:\/\/www.plmf.ee\/?s={search_term_string}"},"query-input":{"@type":"PropertyValueSpecification","valueRequired":true,"valueName":"search_term_string"}}],"inLanguage":"en-US"}]}},"_links":{"self":[{"href":"https:\/\/www.plmf.ee\/en\/wp-json\/wp\/v2\/pages\/49","targetHints":{"allow":["GET"]}}],"collection":[{"href":"https:\/\/www.plmf.ee\/en\/wp-json\/wp\/v2\/pages"}],"about":[{"href":"https:\/\/www.plmf.ee\/en\/wp-json\/wp\/v2\/types\/page"}],"author":[{"embeddable":true,"href":"https:\/\/www.plmf.ee\/en\/wp-json\/wp\/v2\/users\/1"}],"replies":[{"embeddable":true,"href":"https:\/\/www.plmf.ee\/en\/wp-json\/wp\/v2\/comments?post=49"}],"version-history":[{"count":3,"href":"https:\/\/www.plmf.ee\/en\/wp-json\/wp\/v2\/pages\/49\/revisions"}],"predecessor-version":[{"id":63960,"href":"https:\/\/www.plmf.ee\/en\/wp-json\/wp\/v2\/pages\/49\/revisions\/63960"}],"wp:attachment":[{"href":"https:\/\/www.plmf.ee\/en\/wp-json\/wp\/v2\/media?parent=49"}],"curies":[{"name":"wp","href":"https:\/\/api.w.org\/{rel}","templated":true}]}}