{"id":46852,"date":"2022-03-31T01:24:12","date_gmt":"2022-03-30T22:24:12","guid":{"rendered":"https:\/\/www.plmf.ee\/iv-vabariiklik-vokalistide-konkurss\/"},"modified":"2022-05-13T15:10:20","modified_gmt":"2022-05-13T12:10:20","slug":"iv-vabariiklik-vokalistide-konkurss","status":"publish","type":"page","link":"https:\/\/www.plmf.ee\/en\/iv-vabariiklik-vokalistide-konkurss\/","title":{"rendered":"IV Republican Vocalists Competition"},"content":{"rendered":"<div class=\"row \"><div class=\"wpv-grid grid-1-1  wpv-first-level first unextended\" style=\"padding-top:0px;padding-bottom:0px\" id=\"wpv-column-ce0bb21cc9c9d3eadf295acab97ed336\" ><p style=\"text-align: center;\"><strong><span style=\"font-size: 14pt; color: #ff0000;\">Registration until May 20th.<\/span><\/strong><a href=\"https:\/\/www.plmf.ee\/wp-content\/uploads\/2022\/05\/VOKALISTIDE-KONKUSS-PLAKAT.jpg\"><img decoding=\"async\" class=\"aligncenter wp-image-47115 size-large\" src=\"https:\/\/www.plmf.ee\/wp-content\/uploads\/2022\/05\/VOKALISTIDE-KONKUSS-PLAKAT-724x1024.jpg\" alt=\"\" width=\"724\" height=\"1024\" srcset=\"https:\/\/plmf.ee\/wp-content\/uploads\/2022\/05\/VOKALISTIDE-KONKUSS-PLAKAT-724x1024.jpg 724w, https:\/\/plmf.ee\/wp-content\/uploads\/2022\/05\/VOKALISTIDE-KONKUSS-PLAKAT-212x300.jpg 212w, https:\/\/plmf.ee\/wp-content\/uploads\/2022\/05\/VOKALISTIDE-KONKUSS-PLAKAT-615x870.jpg 615w, https:\/\/plmf.ee\/wp-content\/uploads\/2022\/05\/VOKALISTIDE-KONKUSS-PLAKAT-400x566.jpg 400w, https:\/\/plmf.ee\/wp-content\/uploads\/2022\/05\/VOKALISTIDE-KONKUSS-PLAKAT-292x413.jpg 292w, https:\/\/plmf.ee\/wp-content\/uploads\/2022\/05\/VOKALISTIDE-KONKUSS-PLAKAT-600x848.jpg 600w, https:\/\/plmf.ee\/wp-content\/uploads\/2022\/05\/VOKALISTIDE-KONKUSS-PLAKAT.jpg 1000w\" sizes=\"(max-width: 724px) 100vw, 724px\" \/><\/a><\/div><\/div>\n<div class=\"row \"><div class=\"wpv-grid grid-1-1  wpv-first-level first unextended\" style=\"padding-top:0px;padding-bottom:0px\" id=\"wpv-column-a12f4a5db006603a557de1e30371dfc3\" ><p style=\"text-align: center;\"><strong><span style=\"font-size: 14pt;\">IV Republican Vocalists Competition 28.-29.05.2022<\/span><\/strong><\/p>\n<p style=\"text-align: center;\"><span style=\"font-size: 14pt;\">Preliminary round of the competition 28.05.2022 at the Hopner House<\/span><br \/>\n<span style=\"font-size: 14pt;\">Competition final-concert 29.05.2022 at Tallinn City Hall<br \/>\n<\/span><\/p>\n<p style=\"text-align: center;\"><span style=\"font-size: 14pt;\">The competition is open to Estonian citizens aged between 17 and 35 and foreigners permanently residing and studying in Estonia (age as of 01.05.2022).<\/span><\/p>\n<div style=\"text-align: center;\"><strong><span style=\"font-size: 14pt;\">Jury:<\/span><\/strong><br \/>\n<span style=\"font-size: 14pt;\">Pille Lill, Marion Melnik, Ivari Ilja, Oliver Kuusik, Aare Saal and Erki Pehk.<\/span><\/div>\n<div style=\"text-align: center;\"><\/div>\n<div style=\"text-align: center;\"><strong><span style=\"font-size: 14pt;\">Competition programme:<\/span><\/strong><\/div>\n<div style=\"text-align: center;\"><span style=\"font-size: 14pt;\">Preliminary round: <\/span><span style=\"font-size: 14pt;\">1 opera aria, 1 solo song by an Estonian composer, 1 work free of choice.<\/span><br \/>\n<span style=\"font-size: 14pt;\">Final: 2 opera arias, 1 solo song free of\u00a0 choice (different from the preliminary round).<\/span><\/div>\n<div style=\"text-align: center;\"><\/div>\n<div style=\"text-align: center;\"><span style=\"font-size: 14pt;\">Participation fee 25\u20ac<\/span><br \/>\n<span style=\"font-size: 14pt;\">Muusikute t\u00e4iend\u00f5ppe keskus MT\u00dc<\/span><\/div>\n<div style=\"text-align: center;\">\n<p><span style=\"font-size: 14pt;\">Account: EE037700771003227591<\/span><br \/>\n<span style=\"font-size: 14pt;\">Explanation: vocalists competition, name of participant.<\/span><\/p>\n<p><strong><span style=\"font-size: 14pt;\">Registration:<\/span><\/strong><br \/>\n<span style=\"font-size: 14pt;\">Send competition materials to\u00a0<a href=\"mailto:plmf@plmf.ee\" target=\"_blank\" rel=\"noopener noreferrer\">plmf@plmf.ee<\/a>: CV, portrait photo, competition programme, confirmation of payment of the participation fee.<\/span><\/p>\n<p><span style=\"font-size: 14pt;\">Both the preliminaries and the final will be accompanied by a piano and open to the public. Participants must use three different languages throughout their programme. The arias in the programme will be performed in the original language and the original lyrics.<\/span><br \/>\n<span style=\"font-size: 14pt;\">Each participant must have their own pianist.<\/span><\/p>\n<p><strong><span style=\"font-size: 14pt;\">Prizes:<\/span><\/strong><br \/>\n<span style=\"font-size: 14pt;\">I place \u20ac 1500<\/span><br \/>\n<span style=\"font-size: 14pt;\">II place \u20ac1000<\/span><br \/>\n<span style=\"font-size: 14pt;\">III place \u20ac500<br \/>\n<\/span><span style=\"font-size: 14pt;\">Special prize for the Best Young Tenor named after Riho Terras 1000\u20ac<\/span><\/p>\n<p><span style=\"font-size: 14pt;\">For more information, please contact Pille Lill 511 4077,\u00a0<a href=\"http:\/\/www.plmf.ee\/\" target=\"_blank\" rel=\"noopener noreferrer\" data-saferedirecturl=\"https:\/\/www.google.com\/url?q=http:\/\/www.plmf.ee&amp;source=gmail&amp;ust=1650453493973000&amp;usg=AOvVaw2TGYZEgSh4BVC6EsbK7R7-\">www.plmf.ee<\/a><\/span><\/p>\n<\/div><\/div><\/div>\n","protected":false},"excerpt":{"rendered":"<p>Registration until May 20th. IV Republican Vocalists Competition 28.-29.05.2022 Preliminary round of the competition 28.05.2022 at the Hopner House Competition final-concert 29.05.2022 at Tallinn City Hall The competition is open&#8230;<\/p>\n","protected":false},"author":9,"featured_media":0,"parent":0,"menu_order":0,"comment_status":"closed","ping_status":"closed","template":"","meta":{"footnotes":""},"class_list":["post-46852","page","type-page","status-publish","hentry"],"yoast_head":"<!-- This site is optimized with the Yoast SEO plugin v27.1.1 - https:\/\/yoast.com\/product\/yoast-seo-wordpress\/ -->\n<title>IV Republican Vocalists Competition - Pille Lill Music Fund<\/title>\n<meta name=\"robots\" content=\"index, follow, max-snippet:-1, max-image-preview:large, max-video-preview:-1\" \/>\n<link rel=\"canonical\" href=\"https:\/\/www.plmf.ee\/iv-vabariiklik-vokalistide-konkurss\/\" \/>\n<meta property=\"og:locale\" content=\"en_US\" \/>\n<meta property=\"og:type\" content=\"article\" \/>\n<meta property=\"og:title\" content=\"IV Republican Vocalists Competition - Pille Lill Music Fund\" \/>\n<meta property=\"og:description\" content=\"Registration until May 20th. IV Republican Vocalists Competition 28.-29.05.2022 Preliminary round of the competition 28.05.2022 at the Hopner House Competition final-concert 29.05.2022 at Tallinn City Hall The competition is open...\" \/>\n<meta property=\"og:url\" content=\"https:\/\/www.plmf.ee\/iv-vabariiklik-vokalistide-konkurss\/\" \/>\n<meta property=\"og:site_name\" content=\"Pille Lill Music Fund\" \/>\n<meta property=\"article:modified_time\" content=\"2022-05-13T12:10:20+00:00\" \/>\n<meta property=\"og:image\" content=\"https:\/\/www.plmf.ee\/wp-content\/uploads\/2022\/05\/VOKALISTIDE-KONKUSS-PLAKAT-724x1024.jpg\" \/>\n<meta name=\"twitter:card\" content=\"summary_large_image\" \/>\n<meta name=\"twitter:label1\" content=\"Est. reading time\" \/>\n\t<meta name=\"twitter:data1\" content=\"1 minute\" \/>\n<script type=\"application\/ld+json\" class=\"yoast-schema-graph\">{\"@context\":\"https:\/\/schema.org\",\"@graph\":[{\"@type\":\"WebPage\",\"@id\":\"https:\/\/www.plmf.ee\/iv-vabariiklik-vokalistide-konkurss\/\",\"url\":\"https:\/\/www.plmf.ee\/iv-vabariiklik-vokalistide-konkurss\/\",\"name\":\"IV Republican Vocalists Competition - Pille Lill Music Fund\",\"isPartOf\":{\"@id\":\"https:\/\/plmf.ee\/#website\"},\"primaryImageOfPage\":{\"@id\":\"https:\/\/www.plmf.ee\/iv-vabariiklik-vokalistide-konkurss\/#primaryimage\"},\"image\":{\"@id\":\"https:\/\/www.plmf.ee\/iv-vabariiklik-vokalistide-konkurss\/#primaryimage\"},\"thumbnailUrl\":\"https:\/\/www.plmf.ee\/wp-content\/uploads\/2022\/05\/VOKALISTIDE-KONKUSS-PLAKAT-724x1024.jpg\",\"datePublished\":\"2022-03-30T22:24:12+00:00\",\"dateModified\":\"2022-05-13T12:10:20+00:00\",\"breadcrumb\":{\"@id\":\"https:\/\/www.plmf.ee\/iv-vabariiklik-vokalistide-konkurss\/#breadcrumb\"},\"inLanguage\":\"en-US\",\"potentialAction\":[{\"@type\":\"ReadAction\",\"target\":[\"https:\/\/www.plmf.ee\/iv-vabariiklik-vokalistide-konkurss\/\"]}]},{\"@type\":\"ImageObject\",\"inLanguage\":\"en-US\",\"@id\":\"https:\/\/www.plmf.ee\/iv-vabariiklik-vokalistide-konkurss\/#primaryimage\",\"url\":\"https:\/\/www.plmf.ee\/wp-content\/uploads\/2022\/05\/VOKALISTIDE-KONKUSS-PLAKAT-724x1024.jpg\",\"contentUrl\":\"https:\/\/www.plmf.ee\/wp-content\/uploads\/2022\/05\/VOKALISTIDE-KONKUSS-PLAKAT-724x1024.jpg\"},{\"@type\":\"BreadcrumbList\",\"@id\":\"https:\/\/www.plmf.ee\/iv-vabariiklik-vokalistide-konkurss\/#breadcrumb\",\"itemListElement\":[{\"@type\":\"ListItem\",\"position\":1,\"name\":\"Home\",\"item\":\"https:\/\/plmf.ee\/en\/\"},{\"@type\":\"ListItem\",\"position\":2,\"name\":\"IV Republican Vocalists Competition\"}]},{\"@type\":\"WebSite\",\"@id\":\"https:\/\/plmf.ee\/#website\",\"url\":\"https:\/\/plmf.ee\/\",\"name\":\"Pille Lill Music Fund\",\"description\":\"Planet Of Talent\",\"potentialAction\":[{\"@type\":\"SearchAction\",\"target\":{\"@type\":\"EntryPoint\",\"urlTemplate\":\"https:\/\/plmf.ee\/?s={search_term_string}\"},\"query-input\":{\"@type\":\"PropertyValueSpecification\",\"valueRequired\":true,\"valueName\":\"search_term_string\"}}],\"inLanguage\":\"en-US\"}]}<\/script>\n<!-- \/ Yoast SEO plugin. -->","yoast_head_json":{"title":"IV Republican Vocalists Competition - Pille Lill Music Fund","robots":{"index":"index","follow":"follow","max-snippet":"max-snippet:-1","max-image-preview":"max-image-preview:large","max-video-preview":"max-video-preview:-1"},"canonical":"https:\/\/www.plmf.ee\/iv-vabariiklik-vokalistide-konkurss\/","og_locale":"en_US","og_type":"article","og_title":"IV Republican Vocalists Competition - Pille Lill Music Fund","og_description":"Registration until May 20th. IV Republican Vocalists Competition 28.-29.05.2022 Preliminary round of the competition 28.05.2022 at the Hopner House Competition final-concert 29.05.2022 at Tallinn City Hall The competition is open...","og_url":"https:\/\/www.plmf.ee\/iv-vabariiklik-vokalistide-konkurss\/","og_site_name":"Pille Lill Music Fund","article_modified_time":"2022-05-13T12:10:20+00:00","og_image":[{"url":"https:\/\/www.plmf.ee\/wp-content\/uploads\/2022\/05\/VOKALISTIDE-KONKUSS-PLAKAT-724x1024.jpg","type":"","width":"","height":""}],"twitter_card":"summary_large_image","twitter_misc":{"Est. reading time":"1 minute"},"schema":{"@context":"https:\/\/schema.org","@graph":[{"@type":"WebPage","@id":"https:\/\/www.plmf.ee\/iv-vabariiklik-vokalistide-konkurss\/","url":"https:\/\/www.plmf.ee\/iv-vabariiklik-vokalistide-konkurss\/","name":"IV Republican Vocalists Competition - Pille Lill Music Fund","isPartOf":{"@id":"https:\/\/plmf.ee\/#website"},"primaryImageOfPage":{"@id":"https:\/\/www.plmf.ee\/iv-vabariiklik-vokalistide-konkurss\/#primaryimage"},"image":{"@id":"https:\/\/www.plmf.ee\/iv-vabariiklik-vokalistide-konkurss\/#primaryimage"},"thumbnailUrl":"https:\/\/www.plmf.ee\/wp-content\/uploads\/2022\/05\/VOKALISTIDE-KONKUSS-PLAKAT-724x1024.jpg","datePublished":"2022-03-30T22:24:12+00:00","dateModified":"2022-05-13T12:10:20+00:00","breadcrumb":{"@id":"https:\/\/www.plmf.ee\/iv-vabariiklik-vokalistide-konkurss\/#breadcrumb"},"inLanguage":"en-US","potentialAction":[{"@type":"ReadAction","target":["https:\/\/www.plmf.ee\/iv-vabariiklik-vokalistide-konkurss\/"]}]},{"@type":"ImageObject","inLanguage":"en-US","@id":"https:\/\/www.plmf.ee\/iv-vabariiklik-vokalistide-konkurss\/#primaryimage","url":"https:\/\/www.plmf.ee\/wp-content\/uploads\/2022\/05\/VOKALISTIDE-KONKUSS-PLAKAT-724x1024.jpg","contentUrl":"https:\/\/www.plmf.ee\/wp-content\/uploads\/2022\/05\/VOKALISTIDE-KONKUSS-PLAKAT-724x1024.jpg"},{"@type":"BreadcrumbList","@id":"https:\/\/www.plmf.ee\/iv-vabariiklik-vokalistide-konkurss\/#breadcrumb","itemListElement":[{"@type":"ListItem","position":1,"name":"Home","item":"https:\/\/plmf.ee\/en\/"},{"@type":"ListItem","position":2,"name":"IV Republican Vocalists Competition"}]},{"@type":"WebSite","@id":"https:\/\/plmf.ee\/#website","url":"https:\/\/plmf.ee\/","name":"Pille Lill Music Fund","description":"Planet Of Talent","potentialAction":[{"@type":"SearchAction","target":{"@type":"EntryPoint","urlTemplate":"https:\/\/plmf.ee\/?s={search_term_string}"},"query-input":{"@type":"PropertyValueSpecification","valueRequired":true,"valueName":"search_term_string"}}],"inLanguage":"en-US"}]}},"_links":{"self":[{"href":"https:\/\/www.plmf.ee\/en\/wp-json\/wp\/v2\/pages\/46852","targetHints":{"allow":["GET"]}}],"collection":[{"href":"https:\/\/www.plmf.ee\/en\/wp-json\/wp\/v2\/pages"}],"about":[{"href":"https:\/\/www.plmf.ee\/en\/wp-json\/wp\/v2\/types\/page"}],"author":[{"embeddable":true,"href":"https:\/\/www.plmf.ee\/en\/wp-json\/wp\/v2\/users\/9"}],"replies":[{"embeddable":true,"href":"https:\/\/www.plmf.ee\/en\/wp-json\/wp\/v2\/comments?post=46852"}],"version-history":[{"count":0,"href":"https:\/\/www.plmf.ee\/en\/wp-json\/wp\/v2\/pages\/46852\/revisions"}],"wp:attachment":[{"href":"https:\/\/www.plmf.ee\/en\/wp-json\/wp\/v2\/media?parent=46852"}],"curies":[{"name":"wp","href":"https:\/\/api.w.org\/{rel}","templated":true}]}}