{"id":40731,"date":"2021-01-27T12:27:22","date_gmt":"2021-01-27T10:27:22","guid":{"rendered":"https:\/\/www.plmf.ee\/xiv-tallinna-talvefestival-andreas-lend-tsello-jelena-ossipova-kitarr-svetlana-kekiseva-orel\/"},"modified":"2021-01-27T20:30:50","modified_gmt":"2021-01-27T18:30:50","slug":"xiv-tallinn-winter-festival-andreas-lend-cello-jelena-ossipova-guitar-svetlana-kekisheva-organ","status":"publish","type":"page","link":"https:\/\/www.plmf.ee\/en\/xiv-tallinn-winter-festival-andreas-lend-cello-jelena-ossipova-guitar-svetlana-kekisheva-organ\/","title":{"rendered":"XIV Tallinn Winter Festival \/ Andreas Lend (cello), Jelena Ossipova (guitar), Svetlana Kekisheva (organ)"},"content":{"rendered":"<div class=\"row \"><div class=\"wpv-grid grid-1-1  wpv-first-level first unextended\" style=\"padding-top:0px;padding-bottom:0px\" id=\"wpv-column-d37742a8855fe6a14e11f4b65b8a5d31\" ><p><span style=\"text-decoration: underline;\">KAVA<\/span><\/p>\n<p><b>Benedetto Marcello<\/b><span style=\"font-weight: 400;\"> (1686-1739 ) Sonaat op.2, nr.1<\/span><\/p>\n<p><b>Niccolo Paganini<\/b><span style=\"font-weight: 400;\"> (1782-1840 ) Suur sonaat \/ Grande Sonate\u00a0<\/span><\/p>\n<p><span style=\"font-weight: 400;\">I osa Allegro Risolute<\/span><\/p>\n<p><b>Arvo P\u00e4rt<\/b><span style=\"font-weight: 400;\"> (*1935) Trivium<\/span><\/p>\n<p><b>Roman Toi<\/b><span style=\"font-weight: 400;\"> (1916-2018) Air\u00a0<\/span><\/p>\n<p><b>T\u00f5nu K\u00f5rvits<\/b><span style=\"font-weight: 400;\"> (*1969<\/span><i><span style=\"font-weight: 400;\">) <\/span><\/i><span style=\"font-weight: 400;\">Suudlus veel<\/span><\/p>\n<p><b>Georgi Sviridov<\/b><span style=\"font-weight: 400;\"> (1915-1998) Valss<\/span><\/p>\n<p><b>Astor Piazzolla<\/b><span style=\"font-weight: 400;\"> (1921-1992) Talv<\/p>\n<p><\/span><\/p>\n<p><b>JELENA OSSIPOVA<\/b><span style=\"font-weight: 400;\"> alustas kitarri\u00f5pinguid Maardu Muusikakoolis ning juba \u00f5pingute ajal v\u00f5ttis edukalt osa \u00fcleriigilistest konkurssidest. Aastail 2000-2004 \u00f5ppis ta Eesti Muusika- ja Teatriakadeemias nii bakalaureuse kui ka magistri\u00f5ppes (prof Heiki M\u00e4tlik). 2005. aastal oli ta vahetus\u00fcli\u00f5pilane Sibeliuse Akadeemias, Soomes (prof Andrzej Wilkus). Lisaks on ta osa v\u00f5tnud mitmetest maailmatasemel kitarristide meistrikursustest. J. Ossipova on esinenud solistina Eestis, Soomes, Poolas ja Leedus. Teatri Vanemuine ja Kaunase S\u00fcmfooniaorkestri ees soleeris ta J. Rodrigo v\u00e4ljapaistva kitarrikontserdi \u201eAranjuez\u201c esitajana. J. Ossipova t\u00f6\u00f6tab pedagoogina ning osaleb \u017e\u00fcriides muusikakoolide vahelistel konkurssidel.<\/p>\n<p><b>SVETLANA KEKI\u0160EVA <\/b>on l\u00f5petanud G. Otsa nim. Tallinna Muusikakooli klaveri erialal (1993) ning Eesti Muusika- ja Teatriakadeemia kirikumuusika erialal (2005, prof Andres Uibo). Aastatel 1994-2000 \u00f5ppis ta Tallinna Teoloogia Instituudis kirikumuusika osakonnas dirigeerimist Maie Kivita ja orelit Piret Aidulo juures. S. Keki\u0161eva t\u00f6\u00f6tab EELK J\u00f5hvi Mihkli kirikus organistina ja koorijuhina ning Ahtme Kunstide Koolis klaveri- ja oreli\u00f5petajana ning direktori aset\u00e4itjana \u00f5ppe-ja kasvatust\u00f6\u00f6 alal. S. Keki\u0161eva on v\u00f5tnud osa erinevatest meistrikursustest ja on korduvalt osalenud erinevate projektide elluviimisel. Ta on esinenud organistina ja koorijuhina mitmel pool Eestis, Soomes, Rootsis ja Saksamaal. Viimastel aastatel tegutseb ta aktiivselt erinevates ansamblikoosseisudes.\u00a0S. Keki\u0161eva on esinenud koos kitarrist Jelena Ossipovaga mitmeid kordi Peterburi Jaani kirikus Eesti Vabariigi Iseseisvuse P\u00e4eva puhul.<br \/>\n<\/span><\/div><\/div>\n","protected":false},"excerpt":{"rendered":"<p>KAVA Benedetto Marcello (1686-1739 ) Sonaat op.2, nr.1 Niccolo Paganini (1782-1840 ) Suur sonaat \/ Grande Sonate\u00a0 I osa Allegro Risolute Arvo P\u00e4rt (*1935) Trivium Roman Toi (1916-2018) Air\u00a0 T\u00f5nu&#8230;<\/p>\n","protected":false},"author":7,"featured_media":0,"parent":0,"menu_order":0,"comment_status":"closed","ping_status":"closed","template":"","meta":{"footnotes":""},"class_list":["post-40731","page","type-page","status-publish","hentry"],"yoast_head":"<!-- This site is optimized with the Yoast SEO plugin v27.1.1 - https:\/\/yoast.com\/product\/yoast-seo-wordpress\/ -->\n<title>XIV Tallinn Winter Festival \/ Andreas Lend (cello), Jelena Ossipova (guitar), Svetlana Kekisheva (organ) - Pille Lill Music Fund<\/title>\n<meta name=\"robots\" content=\"index, follow, max-snippet:-1, max-image-preview:large, max-video-preview:-1\" \/>\n<link rel=\"canonical\" href=\"https:\/\/plmf.ee\/xiv-tallinna-talvefestival-andreas-lend-tsello-jelena-ossipova-kitarr-svetlana-kekiseva-orel\/\" \/>\n<meta property=\"og:locale\" content=\"en_US\" \/>\n<meta property=\"og:type\" content=\"article\" \/>\n<meta property=\"og:title\" content=\"XIV Tallinn Winter Festival \/ Andreas Lend (cello), Jelena Ossipova (guitar), Svetlana Kekisheva (organ) - Pille Lill Music Fund\" \/>\n<meta property=\"og:description\" content=\"KAVA Benedetto Marcello (1686-1739 ) Sonaat op.2, nr.1 Niccolo Paganini (1782-1840 ) Suur sonaat \/ Grande Sonate\u00a0 I osa Allegro Risolute Arvo P\u00e4rt (*1935) Trivium Roman Toi (1916-2018) Air\u00a0 T\u00f5nu...\" \/>\n<meta property=\"og:url\" content=\"https:\/\/plmf.ee\/xiv-tallinna-talvefestival-andreas-lend-tsello-jelena-ossipova-kitarr-svetlana-kekiseva-orel\/\" \/>\n<meta property=\"og:site_name\" content=\"Pille Lill Music Fund\" \/>\n<meta property=\"article:modified_time\" content=\"2021-01-27T18:30:50+00:00\" \/>\n<meta name=\"twitter:card\" content=\"summary_large_image\" \/>\n<meta name=\"twitter:label1\" content=\"Est. reading time\" \/>\n\t<meta name=\"twitter:data1\" content=\"1 minute\" \/>\n<script type=\"application\/ld+json\" class=\"yoast-schema-graph\">{\"@context\":\"https:\/\/schema.org\",\"@graph\":[{\"@type\":\"WebPage\",\"@id\":\"https:\/\/plmf.ee\/xiv-tallinna-talvefestival-andreas-lend-tsello-jelena-ossipova-kitarr-svetlana-kekiseva-orel\/\",\"url\":\"https:\/\/plmf.ee\/xiv-tallinna-talvefestival-andreas-lend-tsello-jelena-ossipova-kitarr-svetlana-kekiseva-orel\/\",\"name\":\"XIV Tallinn Winter Festival \/ Andreas Lend (cello), Jelena Ossipova (guitar), Svetlana Kekisheva (organ) - Pille Lill Music Fund\",\"isPartOf\":{\"@id\":\"https:\/\/plmf.ee\/#website\"},\"datePublished\":\"2021-01-27T10:27:22+00:00\",\"dateModified\":\"2021-01-27T18:30:50+00:00\",\"breadcrumb\":{\"@id\":\"https:\/\/plmf.ee\/xiv-tallinna-talvefestival-andreas-lend-tsello-jelena-ossipova-kitarr-svetlana-kekiseva-orel\/#breadcrumb\"},\"inLanguage\":\"en-US\",\"potentialAction\":[{\"@type\":\"ReadAction\",\"target\":[\"https:\/\/plmf.ee\/xiv-tallinna-talvefestival-andreas-lend-tsello-jelena-ossipova-kitarr-svetlana-kekiseva-orel\/\"]}]},{\"@type\":\"BreadcrumbList\",\"@id\":\"https:\/\/plmf.ee\/xiv-tallinna-talvefestival-andreas-lend-tsello-jelena-ossipova-kitarr-svetlana-kekiseva-orel\/#breadcrumb\",\"itemListElement\":[{\"@type\":\"ListItem\",\"position\":1,\"name\":\"Home\",\"item\":\"https:\/\/www.plmf.ee\/en\/\"},{\"@type\":\"ListItem\",\"position\":2,\"name\":\"XIV Tallinn Winter Festival \/ Andreas Lend (cello), Jelena Ossipova (guitar), Svetlana Kekisheva (organ)\"}]},{\"@type\":\"WebSite\",\"@id\":\"https:\/\/plmf.ee\/#website\",\"url\":\"https:\/\/plmf.ee\/\",\"name\":\"Pille Lill Music Fund\",\"description\":\"Planet Of Talent\",\"potentialAction\":[{\"@type\":\"SearchAction\",\"target\":{\"@type\":\"EntryPoint\",\"urlTemplate\":\"https:\/\/plmf.ee\/?s={search_term_string}\"},\"query-input\":{\"@type\":\"PropertyValueSpecification\",\"valueRequired\":true,\"valueName\":\"search_term_string\"}}],\"inLanguage\":\"en-US\"}]}<\/script>\n<!-- \/ Yoast SEO plugin. -->","yoast_head_json":{"title":"XIV Tallinn Winter Festival \/ Andreas Lend (cello), Jelena Ossipova (guitar), Svetlana Kekisheva (organ) - Pille Lill Music Fund","robots":{"index":"index","follow":"follow","max-snippet":"max-snippet:-1","max-image-preview":"max-image-preview:large","max-video-preview":"max-video-preview:-1"},"canonical":"https:\/\/plmf.ee\/xiv-tallinna-talvefestival-andreas-lend-tsello-jelena-ossipova-kitarr-svetlana-kekiseva-orel\/","og_locale":"en_US","og_type":"article","og_title":"XIV Tallinn Winter Festival \/ Andreas Lend (cello), Jelena Ossipova (guitar), Svetlana Kekisheva (organ) - Pille Lill Music Fund","og_description":"KAVA Benedetto Marcello (1686-1739 ) Sonaat op.2, nr.1 Niccolo Paganini (1782-1840 ) Suur sonaat \/ Grande Sonate\u00a0 I osa Allegro Risolute Arvo P\u00e4rt (*1935) Trivium Roman Toi (1916-2018) Air\u00a0 T\u00f5nu...","og_url":"https:\/\/plmf.ee\/xiv-tallinna-talvefestival-andreas-lend-tsello-jelena-ossipova-kitarr-svetlana-kekiseva-orel\/","og_site_name":"Pille Lill Music Fund","article_modified_time":"2021-01-27T18:30:50+00:00","twitter_card":"summary_large_image","twitter_misc":{"Est. reading time":"1 minute"},"schema":{"@context":"https:\/\/schema.org","@graph":[{"@type":"WebPage","@id":"https:\/\/plmf.ee\/xiv-tallinna-talvefestival-andreas-lend-tsello-jelena-ossipova-kitarr-svetlana-kekiseva-orel\/","url":"https:\/\/plmf.ee\/xiv-tallinna-talvefestival-andreas-lend-tsello-jelena-ossipova-kitarr-svetlana-kekiseva-orel\/","name":"XIV Tallinn Winter Festival \/ Andreas Lend (cello), Jelena Ossipova (guitar), Svetlana Kekisheva (organ) - Pille Lill Music Fund","isPartOf":{"@id":"https:\/\/plmf.ee\/#website"},"datePublished":"2021-01-27T10:27:22+00:00","dateModified":"2021-01-27T18:30:50+00:00","breadcrumb":{"@id":"https:\/\/plmf.ee\/xiv-tallinna-talvefestival-andreas-lend-tsello-jelena-ossipova-kitarr-svetlana-kekiseva-orel\/#breadcrumb"},"inLanguage":"en-US","potentialAction":[{"@type":"ReadAction","target":["https:\/\/plmf.ee\/xiv-tallinna-talvefestival-andreas-lend-tsello-jelena-ossipova-kitarr-svetlana-kekiseva-orel\/"]}]},{"@type":"BreadcrumbList","@id":"https:\/\/plmf.ee\/xiv-tallinna-talvefestival-andreas-lend-tsello-jelena-ossipova-kitarr-svetlana-kekiseva-orel\/#breadcrumb","itemListElement":[{"@type":"ListItem","position":1,"name":"Home","item":"https:\/\/www.plmf.ee\/en\/"},{"@type":"ListItem","position":2,"name":"XIV Tallinn Winter Festival \/ Andreas Lend (cello), Jelena Ossipova (guitar), Svetlana Kekisheva (organ)"}]},{"@type":"WebSite","@id":"https:\/\/plmf.ee\/#website","url":"https:\/\/plmf.ee\/","name":"Pille Lill Music Fund","description":"Planet Of Talent","potentialAction":[{"@type":"SearchAction","target":{"@type":"EntryPoint","urlTemplate":"https:\/\/plmf.ee\/?s={search_term_string}"},"query-input":{"@type":"PropertyValueSpecification","valueRequired":true,"valueName":"search_term_string"}}],"inLanguage":"en-US"}]}},"_links":{"self":[{"href":"https:\/\/www.plmf.ee\/en\/wp-json\/wp\/v2\/pages\/40731","targetHints":{"allow":["GET"]}}],"collection":[{"href":"https:\/\/www.plmf.ee\/en\/wp-json\/wp\/v2\/pages"}],"about":[{"href":"https:\/\/www.plmf.ee\/en\/wp-json\/wp\/v2\/types\/page"}],"author":[{"embeddable":true,"href":"https:\/\/www.plmf.ee\/en\/wp-json\/wp\/v2\/users\/7"}],"replies":[{"embeddable":true,"href":"https:\/\/www.plmf.ee\/en\/wp-json\/wp\/v2\/comments?post=40731"}],"version-history":[{"count":0,"href":"https:\/\/www.plmf.ee\/en\/wp-json\/wp\/v2\/pages\/40731\/revisions"}],"wp:attachment":[{"href":"https:\/\/www.plmf.ee\/en\/wp-json\/wp\/v2\/media?parent=40731"}],"curies":[{"name":"wp","href":"https:\/\/api.w.org\/{rel}","templated":true}]}}