{"id":40726,"date":"2021-01-27T12:22:23","date_gmt":"2021-01-27T10:22:23","guid":{"rendered":"https:\/\/www.plmf.ee\/xiv-tallinna-talvefestival-maria-veretenina-sopran-ivo-posti-kontratenor-piia-paemurru-klaver\/"},"modified":"2021-01-27T20:22:21","modified_gmt":"2021-01-27T18:22:21","slug":"xiv-tallinn-winter-festival-maria-veretenina-soprano-ivo-posti-countertenor-piia-paemurru-piano","status":"publish","type":"page","link":"https:\/\/www.plmf.ee\/en\/xiv-tallinn-winter-festival-maria-veretenina-soprano-ivo-posti-countertenor-piia-paemurru-piano\/","title":{"rendered":"XIV Tallinn Winter Festival  \/ Maria Veretenina (soprano), Ivo Posti (countertenor), Piia Paemurru (piano)"},"content":{"rendered":"<div class=\"row \"><div class=\"wpv-grid grid-1-1  wpv-first-level first unextended\" style=\"padding-top:0px;padding-bottom:0px\" id=\"wpv-column-eceb80e409182b37b78619210dea4512\" ><p><strong>KAVA<\/strong><\/p>\n<p>&nbsp;<\/p>\n<p><b>MARIA VERETENINA<\/b><span style=\"font-weight: 400;\"> deb\u00fcteeris Soome Rahvusooperis 2011. aastal Mussorgski ooperis &#8220;Boriss Godunov&#8221; koos maailmakuulsa ooperisolisti Matti Salmineniga. K\u00e4esoleval ajal elab ta Suurbritannias ning esineb erinevates maailma riikides (Rootsi, Soome, Venemaa, Itaalia, Hispaania, Austria, Ungari, Saksamaa, Suurbritannia jm). \u00dcks tema edukamaid \u00fclesastumisi on olnud Tema Kuninglikule K\u00f5rgusele prints Charlesile Londonis Sourozh katedraalis (2016) ning Moskva ja kogu Venemaa patriarh Kirillile tema visiidi raames Suurbritannias (2016). M. Veretenina alustas laulu\u00f5pinguid G. Otsa nim. Muusikakoolis ning l\u00f5petas magistrantuuri Eesti Muusika- ja Teatriakadeemias tunnustatud pedagoogi ja ooperilaulja prof. Jaakko Ryh\u00e4neni juhendamisel (2009). Ta on t\u00e4iendanud end Santa Cecilia Akadeemias Itaalias (2009) ja osalenud v\u00e4ljapaistvate muusikute meistrikursustel (Montserrat Caball\u00e9, Larissa Gergieva jt). M. Veretenina on p\u00e4lvinud peapreemiaid mitmetel konkurssidel, aastal 2014 saavutas ta Grand Prix rahvusvahelisel konkursil Londonis (Royal College of Music). Ta on esinenud ooperi-, oratooriumi- ja kammerlauljana sellistes prestii\u017eikates saalides nagu Peterburi Filharmoonia, Viini Kammerooper, Kuninglik Muusikaakadeemia Londonis, Zaragoza kontserdisaal, P\u00fcha Johannese v\u00e4ljak Londonis, Astrahani Filharmoonia, Estonia Kontserdisaal jt. Tema repertuaari kuuluvad Kleopatra (H\u00e4ndel, Julius Caesar), \u00d6\u00f6kuninganna (Mozart, V\u00f5lufl\u00f6\u00f6t), Fiordiligi (Mozart, Cos\u00ec fan tutte), Zerlina (Mozart, Don Giovanni), Olympia ja Antonia (Offenbach, Hoffmanni lood), Liu (Puccini, Turandot), Lauretta (Puccini, Gianni Schicchi), Musetta (Puccini, La Boh\u00e9me), Violetta (Verdi, La Traviata), Marfa (Rimski-Korsakov, Tsaari m\u00f5rsja), Xenia (Mussorgski, Boriss Godunov), Tatjana (T\u0161aikovski, Jevgeni Onegin). Samuti on M. Veretenina teinud j\u00e4rjepidevalt salvestusi Eesti Raadios ja Televisioonis.<\/span><\/p>\n<p><b>IVO POSTI<\/b><span style=\"font-weight: 400;\"> on \u00f5ppinud Tartu \u00dclikoolis ajalugu ning j\u00e4tkanud haridusteed aastal 1996 klassikalise laulu erialal H. Elleri nim. Tartu Muusikakoolis (\u00f5p. Aino K\u00f5iv). Aastast 2001 \u00f5ppis I. Posti Haagi Kuninglikus Konservatooriumis (\u00f5p. Rita Dams ja Barbara Pearson). Ta on t\u00e4iendanud end Marius van Altena ja Diane Forlano juures ning osalenud Taru Valjakka, Thomas Wiedenhoferi, Michael Chance\u2019i ja Jill Feldmani meistriklassides. I. Posti on v\u00f5itnud arvukalt konkursse nii pop- kui ooperilauljana ning andnud kontserte \u00fcle Euroopa. Ta on teinud koost\u00f6\u00f6d paljude orkestrite ja kollektiividega. Aastatel 2007-2008 t\u00f6\u00f6tas ta Opera Studio Nederlandis. Tema olulisemateks rollideks on olnud Vaimu roll Purcelli ooperis \u201eDido ja Aeneas\u201c Aix-en-Provence\u2019i festivalil (2008), Grazia roll Cavalli ooperis \u201eErcole Amante\u201c De Nederlandse Operas (2009), Vjazemskaja ja \u0160ariku rollid Raskatovi ooperi \u201eKoera s\u00fcda\u201c maailma esiettekandel De Nederlandse Operas (2010), prints Orlovski Straussi operetis \u201eNahkhiir\u201c Hollandis, Belgias ja Saksamaal (2011) jt. I. Posti on olnud Eesti Interpreetide Liidu stipendiaat 2016. aastal. Ta on tegev produtsendi ja laulu\u00f5petajana ning hetkel on SA Narva Muuseumi juhatuse liige.<\/span><\/p>\n<p><b>PIIA PAEMURRU<\/b><span style=\"font-weight: 400;\"> on Eesti \u00fcks hinnatumaid ansamblipartnereid eelk\u00f5ige ooperilauljatele, kuid kontserditegevus on teda kokku viinud paljude v\u00e4ljapaistvate muusikutega nagu Eilene Hannan, Rhoda Achieng, Virgilijus Noreika, Jaakko Ryh\u00e4nen, Margarita Voites, Mati Palm, Pille Lill, Nadia Kurem, Hanna-Liina V\u00f5sa, Oliver Kuusik, Aare Saal, K\u00e4dy Plaas, Marion Melnik, Priit Volmer, Angelika Mikk, Ren\u00e9 Soom, Teele J\u00f5ks, Helen Lokuta, Pirjo P\u00fcvi, Angelika Klas-Fagerlund, Mari Tampere-Bezrodny, Peeter Paemurru, Anna-Liisa Bezrodny, Andreas Lend, Vahur Vurm jpt. Ta on l\u00f5petanud Tallinna Konservatooriumi (prof. Laine Mets, MA 1999) ning t\u00f6\u00f6tab 1986. aastast Eesti Muusika- ja Teatriakadeemia lauluosakonnas klaverisaatjana. 2016. aastast alates on P. Paemurru teatris Vanemuine kontsertmeister. Ta on esinenud solistina ning erinevate ansamblite koosseisudes Baltimaades, Skandinaavias, Saksamaal ja Venemaal. P. Paemurru on p\u00e4lvinud mitmetel laulukonkurssidel parima klaverisaatja eripreemia, sh Klaudia Taevi nim. rahvusvahelisel noorte lauljate konkursil viiel korral. Koos Rootsi soprani Ingegerd Bj\u00f6rklundiga on ta salvestanud kaks plaati (Cantatrice, 1997 ja MU64, 2001), Vello J\u00fcrna ja Guido Kanguriga CD &#8220;Unuvad \u00f5htud&#8221; (2003) ning Pille Lille, Aare Saali ja Oliver Kuusikuga &#8220;Marje Sink. J\u00f5ululaulud&#8221; (2006). P. Paemurru on Muusikute fondi PLMF stipendiaat.<\/span><\/div><\/div>\n","protected":false},"excerpt":{"rendered":"<p>KAVA &nbsp; MARIA VERETENINA deb\u00fcteeris Soome Rahvusooperis 2011. aastal Mussorgski ooperis &#8220;Boriss Godunov&#8221; koos maailmakuulsa ooperisolisti Matti Salmineniga. K\u00e4esoleval ajal elab ta Suurbritannias ning esineb erinevates maailma riikides (Rootsi, Soome,&#8230;<\/p>\n","protected":false},"author":7,"featured_media":0,"parent":0,"menu_order":0,"comment_status":"closed","ping_status":"closed","template":"","meta":{"footnotes":""},"class_list":["post-40726","page","type-page","status-publish","hentry"],"yoast_head":"<!-- This site is optimized with the Yoast SEO plugin v27.1.1 - https:\/\/yoast.com\/product\/yoast-seo-wordpress\/ -->\n<title>XIV Tallinn Winter Festival \/ Maria Veretenina (soprano), Ivo Posti (countertenor), Piia Paemurru (piano) - Pille Lill Music Fund<\/title>\n<meta name=\"robots\" content=\"index, follow, max-snippet:-1, max-image-preview:large, max-video-preview:-1\" \/>\n<link rel=\"canonical\" href=\"https:\/\/plmf.ee\/xiv-tallinna-talvefestival-maria-veretenina-sopran-ivo-posti-kontratenor-piia-paemurru-klaver\/\" \/>\n<meta property=\"og:locale\" content=\"en_US\" \/>\n<meta property=\"og:type\" content=\"article\" \/>\n<meta property=\"og:title\" content=\"XIV Tallinn Winter Festival \/ Maria Veretenina (soprano), Ivo Posti (countertenor), Piia Paemurru (piano) - Pille Lill Music Fund\" \/>\n<meta property=\"og:description\" content=\"KAVA &nbsp; MARIA VERETENINA deb\u00fcteeris Soome Rahvusooperis 2011. aastal Mussorgski ooperis &#8220;Boriss Godunov&#8221; koos maailmakuulsa ooperisolisti Matti Salmineniga. K\u00e4esoleval ajal elab ta Suurbritannias ning esineb erinevates maailma riikides (Rootsi, Soome,...\" \/>\n<meta property=\"og:url\" content=\"https:\/\/plmf.ee\/xiv-tallinna-talvefestival-maria-veretenina-sopran-ivo-posti-kontratenor-piia-paemurru-klaver\/\" \/>\n<meta property=\"og:site_name\" content=\"Pille Lill Music Fund\" \/>\n<meta property=\"article:modified_time\" content=\"2021-01-27T18:22:21+00:00\" \/>\n<meta name=\"twitter:card\" content=\"summary_large_image\" \/>\n<meta name=\"twitter:label1\" content=\"Est. reading time\" \/>\n\t<meta name=\"twitter:data1\" content=\"3 minutes\" \/>\n<script type=\"application\/ld+json\" class=\"yoast-schema-graph\">{\"@context\":\"https:\/\/schema.org\",\"@graph\":[{\"@type\":\"WebPage\",\"@id\":\"https:\/\/plmf.ee\/xiv-tallinna-talvefestival-maria-veretenina-sopran-ivo-posti-kontratenor-piia-paemurru-klaver\/\",\"url\":\"https:\/\/plmf.ee\/xiv-tallinna-talvefestival-maria-veretenina-sopran-ivo-posti-kontratenor-piia-paemurru-klaver\/\",\"name\":\"XIV Tallinn Winter Festival \/ Maria Veretenina (soprano), Ivo Posti (countertenor), Piia Paemurru (piano) - Pille Lill Music Fund\",\"isPartOf\":{\"@id\":\"https:\/\/www.plmf.ee\/#website\"},\"datePublished\":\"2021-01-27T10:22:23+00:00\",\"dateModified\":\"2021-01-27T18:22:21+00:00\",\"breadcrumb\":{\"@id\":\"https:\/\/plmf.ee\/xiv-tallinna-talvefestival-maria-veretenina-sopran-ivo-posti-kontratenor-piia-paemurru-klaver\/#breadcrumb\"},\"inLanguage\":\"en-US\",\"potentialAction\":[{\"@type\":\"ReadAction\",\"target\":[\"https:\/\/plmf.ee\/xiv-tallinna-talvefestival-maria-veretenina-sopran-ivo-posti-kontratenor-piia-paemurru-klaver\/\"]}]},{\"@type\":\"BreadcrumbList\",\"@id\":\"https:\/\/plmf.ee\/xiv-tallinna-talvefestival-maria-veretenina-sopran-ivo-posti-kontratenor-piia-paemurru-klaver\/#breadcrumb\",\"itemListElement\":[{\"@type\":\"ListItem\",\"position\":1,\"name\":\"Home\",\"item\":\"https:\/\/plmf.ee\/en\/\"},{\"@type\":\"ListItem\",\"position\":2,\"name\":\"XIV Tallinn Winter Festival \/ Maria Veretenina (soprano), Ivo Posti (countertenor), Piia Paemurru (piano)\"}]},{\"@type\":\"WebSite\",\"@id\":\"https:\/\/www.plmf.ee\/#website\",\"url\":\"https:\/\/www.plmf.ee\/\",\"name\":\"Pille Lill Music Fund\",\"description\":\"Planet Of Talent\",\"potentialAction\":[{\"@type\":\"SearchAction\",\"target\":{\"@type\":\"EntryPoint\",\"urlTemplate\":\"https:\/\/www.plmf.ee\/?s={search_term_string}\"},\"query-input\":{\"@type\":\"PropertyValueSpecification\",\"valueRequired\":true,\"valueName\":\"search_term_string\"}}],\"inLanguage\":\"en-US\"}]}<\/script>\n<!-- \/ Yoast SEO plugin. -->","yoast_head_json":{"title":"XIV Tallinn Winter Festival \/ Maria Veretenina (soprano), Ivo Posti (countertenor), Piia Paemurru (piano) - Pille Lill Music Fund","robots":{"index":"index","follow":"follow","max-snippet":"max-snippet:-1","max-image-preview":"max-image-preview:large","max-video-preview":"max-video-preview:-1"},"canonical":"https:\/\/plmf.ee\/xiv-tallinna-talvefestival-maria-veretenina-sopran-ivo-posti-kontratenor-piia-paemurru-klaver\/","og_locale":"en_US","og_type":"article","og_title":"XIV Tallinn Winter Festival \/ Maria Veretenina (soprano), Ivo Posti (countertenor), Piia Paemurru (piano) - Pille Lill Music Fund","og_description":"KAVA &nbsp; MARIA VERETENINA deb\u00fcteeris Soome Rahvusooperis 2011. aastal Mussorgski ooperis &#8220;Boriss Godunov&#8221; koos maailmakuulsa ooperisolisti Matti Salmineniga. K\u00e4esoleval ajal elab ta Suurbritannias ning esineb erinevates maailma riikides (Rootsi, Soome,...","og_url":"https:\/\/plmf.ee\/xiv-tallinna-talvefestival-maria-veretenina-sopran-ivo-posti-kontratenor-piia-paemurru-klaver\/","og_site_name":"Pille Lill Music Fund","article_modified_time":"2021-01-27T18:22:21+00:00","twitter_card":"summary_large_image","twitter_misc":{"Est. reading time":"3 minutes"},"schema":{"@context":"https:\/\/schema.org","@graph":[{"@type":"WebPage","@id":"https:\/\/plmf.ee\/xiv-tallinna-talvefestival-maria-veretenina-sopran-ivo-posti-kontratenor-piia-paemurru-klaver\/","url":"https:\/\/plmf.ee\/xiv-tallinna-talvefestival-maria-veretenina-sopran-ivo-posti-kontratenor-piia-paemurru-klaver\/","name":"XIV Tallinn Winter Festival \/ Maria Veretenina (soprano), Ivo Posti (countertenor), Piia Paemurru (piano) - Pille Lill Music Fund","isPartOf":{"@id":"https:\/\/www.plmf.ee\/#website"},"datePublished":"2021-01-27T10:22:23+00:00","dateModified":"2021-01-27T18:22:21+00:00","breadcrumb":{"@id":"https:\/\/plmf.ee\/xiv-tallinna-talvefestival-maria-veretenina-sopran-ivo-posti-kontratenor-piia-paemurru-klaver\/#breadcrumb"},"inLanguage":"en-US","potentialAction":[{"@type":"ReadAction","target":["https:\/\/plmf.ee\/xiv-tallinna-talvefestival-maria-veretenina-sopran-ivo-posti-kontratenor-piia-paemurru-klaver\/"]}]},{"@type":"BreadcrumbList","@id":"https:\/\/plmf.ee\/xiv-tallinna-talvefestival-maria-veretenina-sopran-ivo-posti-kontratenor-piia-paemurru-klaver\/#breadcrumb","itemListElement":[{"@type":"ListItem","position":1,"name":"Home","item":"https:\/\/plmf.ee\/en\/"},{"@type":"ListItem","position":2,"name":"XIV Tallinn Winter Festival \/ Maria Veretenina (soprano), Ivo Posti (countertenor), Piia Paemurru (piano)"}]},{"@type":"WebSite","@id":"https:\/\/www.plmf.ee\/#website","url":"https:\/\/www.plmf.ee\/","name":"Pille Lill Music Fund","description":"Planet Of Talent","potentialAction":[{"@type":"SearchAction","target":{"@type":"EntryPoint","urlTemplate":"https:\/\/www.plmf.ee\/?s={search_term_string}"},"query-input":{"@type":"PropertyValueSpecification","valueRequired":true,"valueName":"search_term_string"}}],"inLanguage":"en-US"}]}},"_links":{"self":[{"href":"https:\/\/www.plmf.ee\/en\/wp-json\/wp\/v2\/pages\/40726","targetHints":{"allow":["GET"]}}],"collection":[{"href":"https:\/\/www.plmf.ee\/en\/wp-json\/wp\/v2\/pages"}],"about":[{"href":"https:\/\/www.plmf.ee\/en\/wp-json\/wp\/v2\/types\/page"}],"author":[{"embeddable":true,"href":"https:\/\/www.plmf.ee\/en\/wp-json\/wp\/v2\/users\/7"}],"replies":[{"embeddable":true,"href":"https:\/\/www.plmf.ee\/en\/wp-json\/wp\/v2\/comments?post=40726"}],"version-history":[{"count":0,"href":"https:\/\/www.plmf.ee\/en\/wp-json\/wp\/v2\/pages\/40726\/revisions"}],"wp:attachment":[{"href":"https:\/\/www.plmf.ee\/en\/wp-json\/wp\/v2\/media?parent=40726"}],"curies":[{"name":"wp","href":"https:\/\/api.w.org\/{rel}","templated":true}]}}